{"id":713,"date":"2022-02-24T14:11:37","date_gmt":"2022-02-24T14:11:37","guid":{"rendered":"https:\/\/sedihub.eu\/elearning\/"},"modified":"2023-08-17T09:44:52","modified_gmt":"2023-08-17T09:44:52","slug":"elearning","status":"publish","type":"page","link":"https:\/\/sedihub.eu\/es\/elearning\/","title":{"rendered":"e-Learning"},"content":{"rendered":"<h1>Aprendizaje electr\u00f3nico<\/h1>\n<div>\n<p>        <img decoding=\"async\" src=\"\/wp-content\/uploads\/2022\/04\/e-learning_gfx.svg\" alt=\"e-learning\"><\/p>\n<div>\n<p>El material de formaci\u00f3n SeDiHUB estar\u00e1 especialmente dise\u00f1ado para satisfacer, a trav\u00e9s de su estructura y contenido, las necesidades identificadas y los estilos de estudio de las microempresas y las empresas familiares para fomentar negocios sostenibles y servicios respetuosos con el medio ambiente, relacionados con sus personas y \u00e1mbitos de actividad. El material de formaci\u00f3n se basar\u00e1 en los principios del aprendizaje a distancia, el aprendizaje en l\u00ednea y las teor\u00edas de dise\u00f1o de servicios. Se estructurar\u00e1 en apuntes, v\u00eddeos, estudios de casos, escenarios de simulaci\u00f3n, buenas pr\u00e1cticas y un repositorio. El material de formaci\u00f3n incluir\u00e1 los siguientes temas: econom\u00eda y \u00e9tica empresarial en relaci\u00f3n con el cambio clim\u00e1tico, sostenibilidad, modelos empresariales sostenibles, teor\u00eda y principios del dise\u00f1o de servicios, m\u00e9todos de dise\u00f1o de servicios (personas, mapas del recorrido del cliente, modelos de servicios, storyboards, escenarios, mapeo de las partes interesadas) y transformaci\u00f3n digital.<\/p>\n<\/div>\n<p><a href=\"https:\/\/elearning.sedihub.eu\/\">Visita la plataforma<\/a><\/p>\n<\/div>\n<p><!--more--><br \/>\n<!-- {\"type\":\"layout\",\"children\":[{\"type\":\"section\",\"props\":{\"style\":\"default\",\"width\":\"default\",\"vertical_align\":\"middle\",\"title_position\":\"top-left\",\"title_rotation\":\"left\",\"title_breakpoint\":\"xl\",\"image_position\":\"center-center\",\"padding_remove_top\":true},\"children\":[{\"type\":\"row\",\"children\":[{\"type\":\"column\",\"props\":{\"position_sticky_breakpoint\":\"m\",\"image_position\":\"center-center\",\"media_overlay_gradient\":\"\"},\"children\":[{\"type\":\"headline\",\"props\":{\"title_element\":\"h1\",\"content\":\"Aprendizaje electr\\u00f3nico\",\"title_color\":\"success\"}},{\"type\":\"panel\",\"props\":{\"link_text\":\"Visita la plataforma\",\"title_hover_style\":\"reset\",\"title_element\":\"h3\",\"title_align\":\"top\",\"title_grid_width\":\"1-2\",\"title_grid_breakpoint\":\"m\",\"meta_style\":\"meta\",\"meta_align\":\"below-title\",\"meta_element\":\"div\",\"content_column_breakpoint\":\"m\",\"icon_width\":80,\"image_align\":\"right\",\"image_grid_width\":\"1-3\",\"image_grid_breakpoint\":\"m\",\"image_svg_color\":\"emphasis\",\"link_style\":\"primary\",\"margin\":\"default\",\"title\":\"\",\"content\":\"\n\n<p>El material de formaci\\u00f3n SeDiHUB estar\\u00e1 especialmente dise\\u00f1ado para satisfacer, a trav\\u00e9s de su estructura y contenido, las necesidades identificadas y los estilos de estudio de las microempresas y las empresas familiares para fomentar negocios sostenibles y servicios respetuosos con el medio ambiente, relacionados con sus personas y \\u00e1mbitos de actividad. El material de formaci\\u00f3n se basar\\u00e1 en los principios del aprendizaje a distancia, el aprendizaje en l\\u00ednea y las teor\\u00edas de dise\\u00f1o de servicios. Se estructurar\\u00e1 en apuntes, v\\u00eddeos, estudios de casos, escenarios de simulaci\\u00f3n, buenas pr\\u00e1cticas y un repositorio. El material de formaci\\u00f3n incluir\\u00e1 los siguientes temas: econom\\u00eda y \\u00e9tica empresarial en relaci\\u00f3n con el cambio clim\\u00e1tico, sostenibilidad, modelos empresariales sostenibles, teor\\u00eda y principios del dise\\u00f1o de servicios, m\\u00e9todos de dise\\u00f1o de servicios (personas, mapas del recorrido del cliente, modelos de servicios, storyboards, escenarios, mapeo de las partes interesadas) y transformaci\\u00f3n digital.<\\\/p>\",\"image\":\"wp-content\\\/uploads\\\/2022\\\/04\\\/e-learning_gfx.svg\",\"title_color\":\"success\",\"link\":\"https:\\\/\\\/elearning.sedihub.eu\\\/\",\"image_alt\":\"e-learning\",\"link_target\":true},\"name\":\"left-image-panel\"}]}]}]}],\"version\":\"2.7.22\"} --><\/p>\n","protected":false},"excerpt":{"rendered":"<p>Aprendizaje electr\u00f3nico El material de formaci\u00f3n SeDiHUB estar\u00e1 especialmente dise\u00f1ado para satisfacer, a trav\u00e9s de su estructura y contenido, las necesidades identificadas y los estilos..<\/p>\n","protected":false},"author":1,"featured_media":0,"parent":0,"menu_order":0,"comment_status":"closed","ping_status":"closed","template":"","meta":{"inline_featured_image":false,"footnotes":""},"class_list":["post-713","page","type-page","status-publish","hentry"],"_links":{"self":[{"href":"https:\/\/sedihub.eu\/es\/wp-json\/wp\/v2\/pages\/713","targetHints":{"allow":["GET"]}}],"collection":[{"href":"https:\/\/sedihub.eu\/es\/wp-json\/wp\/v2\/pages"}],"about":[{"href":"https:\/\/sedihub.eu\/es\/wp-json\/wp\/v2\/types\/page"}],"author":[{"embeddable":true,"href":"https:\/\/sedihub.eu\/es\/wp-json\/wp\/v2\/users\/1"}],"replies":[{"embeddable":true,"href":"https:\/\/sedihub.eu\/es\/wp-json\/wp\/v2\/comments?post=713"}],"version-history":[{"count":2,"href":"https:\/\/sedihub.eu\/es\/wp-json\/wp\/v2\/pages\/713\/revisions"}],"predecessor-version":[{"id":794,"href":"https:\/\/sedihub.eu\/es\/wp-json\/wp\/v2\/pages\/713\/revisions\/794"}],"wp:attachment":[{"href":"https:\/\/sedihub.eu\/es\/wp-json\/wp\/v2\/media?parent=713"}],"curies":[{"name":"wp","href":"https:\/\/api.w.org\/{rel}","templated":true}]}}