{"id":717,"date":"2022-02-24T14:11:37","date_gmt":"2022-02-24T14:11:37","guid":{"rendered":"https:\/\/sedihub.eu\/home\/"},"modified":"2023-08-17T12:52:48","modified_gmt":"2023-08-17T12:52:48","slug":"home","status":"publish","type":"page","link":"https:\/\/sedihub.eu\/es\/","title":{"rendered":"Inicio"},"content":{"rendered":"<h1>Creaci\u00f3n de una plataforma europea de dise\u00f1o de servicios para microempresas y empresas familiares con el fin de fomentar una econom\u00eda digitalizada sostenible<\/h1>\n<p><img decoding=\"async\" src=\"\/wp-content\/uploads\/2022\/04\/intro-image-sedihub-07.svg\" alt=\"\"><\/p>\n<p>\n    <a href=\"\/es\/about\">Leer m\u00e1s<\/a>\n<\/p>\n<div>\n<p>        <img decoding=\"async\" src=\"\/wp-content\/uploads\/2022\/04\/e-learning_gfx.svg\" alt=\"Sedihub elearning\"><\/p>\n<h3>Aprendizaje electr\u00f3nico<\/h3>\n<div>\n<p>El material de formaci\u00f3n SeDiHUB estar\u00e1 especialmente dise\u00f1ado para satisfacer, a trav\u00e9s de su estructura y contenido, las necesidades identificadas y los estilos de estudio de las microempresas y las empresas familiares para fomentar negocios sostenibles y servicios respetuosos con el medio ambiente, relacionados con sus personas y \u00e1mbitos de actividad. El material de formaci\u00f3n se basar\u00e1 en los principios del aprendizaje a distancia, el aprendizaje en l\u00ednea y las teor\u00edas de dise\u00f1o de servicios. Se estructurar\u00e1 en apuntes, v\u00eddeos, estudios de casos, escenarios de simulaci\u00f3n, buenas pr\u00e1cticas y un repositorio. El material de formaci\u00f3n incluir\u00e1 los siguientes temas: econom\u00eda y \u00e9tica empresarial en relaci\u00f3n con el cambio clim\u00e1tico, sostenibilidad, modelos empresariales sostenibles, teor\u00eda y principios del dise\u00f1o de servicios, m\u00e9todos de dise\u00f1o de servicios (personas, mapas del recorrido del cliente, modelos de servicios, storyboards, escenarios, mapeo de las partes interesadas) y transformaci\u00f3n digital.<\/p>\n<\/div>\n<p><a href=\"https:\/\/elearning.sedihub.eu\/\">Visita la plataforma<\/a><\/p>\n<\/div>\n<h2><span style=\"font-weight: 400;\">Noticias<\/span><\/h2>\n<div>\n<\/div>\n<p>\n    <a href=\"\/es\/category\/news-es\/\">Ver todas las noticias<\/a>\n<\/p>\n<p><!--more--><br \/>\n<!-- {\"type\":\"layout\",\"children\":[{\"type\":\"section\",\"props\":{\"style\":\"default\",\"width\":\"default\",\"vertical_align\":\"middle\",\"title_position\":\"top-left\",\"title_rotation\":\"left\",\"title_breakpoint\":\"xl\",\"image_position\":\"center-center\"},\"children\":[{\"type\":\"row\",\"children\":[{\"type\":\"column\",\"props\":{\"position_sticky_breakpoint\":\"m\",\"image_position\":\"center-center\",\"media_overlay_gradient\":\"\",\"width_medium\":\"\"},\"children\":[{\"type\":\"headline\",\"props\":{\"title_element\":\"h1\",\"title_color\":\"success\",\"content\":\"Creaci\\u00f3n de una plataforma europea de dise\\u00f1o de servicios para microempresas y empresas familiares con el fin de fomentar una econom\\u00eda digitalizada sostenible\",\"title_style\":\"h3\",\"text_align\":\"center\"}},{\"type\":\"image\",\"props\":{\"margin\":\"default\",\"image_svg_color\":\"emphasis\",\"image\":\"wp-content\\\/uploads\\\/2022\\\/04\\\/intro-image-sedihub-07.svg\",\"text_align\":\"center\"}},{\"type\":\"button\",\"props\":{\"grid_column_gap\":\"small\",\"grid_row_gap\":\"small\",\"margin\":\"default\",\"text_align\":\"center\"},\"children\":[{\"type\":\"button_item\",\"props\":{\"button_style\":\"primary\",\"icon_align\":\"left\",\"content\":\"[readmore_text]\",\"link\":\"\\\/es\\\/about\"}}]}]}]}]},{\"type\":\"section\",\"props\":{\"style\":\"default\",\"width\":\"default\",\"vertical_align\":\"middle\",\"title_position\":\"top-left\",\"title_rotation\":\"left\",\"title_breakpoint\":\"xl\",\"image_position\":\"center-center\",\"padding\":\"small\"},\"children\":[{\"type\":\"row\",\"children\":[{\"type\":\"column\",\"props\":{\"position_sticky_breakpoint\":\"m\",\"image_position\":\"center-center\",\"media_overlay_gradient\":\"\"},\"children\":[{\"type\":\"panel\",\"props\":{\"link_text\":\"Visita la plataforma\",\"title_hover_style\":\"reset\",\"title_element\":\"h3\",\"title_align\":\"top\",\"title_grid_width\":\"1-2\",\"title_grid_breakpoint\":\"m\",\"meta_style\":\"meta\",\"meta_align\":\"below-title\",\"meta_element\":\"div\",\"content_column_breakpoint\":\"m\",\"icon_width\":80,\"image_align\":\"left\",\"image_grid_width\":\"1-3\",\"image_grid_breakpoint\":\"m\",\"image_svg_color\":\"emphasis\",\"link_style\":\"primary\",\"margin\":\"default\",\"title\":\"Aprendizaje electr\\u00f3nico\",\"content\":\"\n\n<p>El material de formaci\\u00f3n SeDiHUB estar\\u00e1 especialmente dise\\u00f1ado para satisfacer, a trav\\u00e9s de su estructura y contenido, las necesidades identificadas y los estilos de estudio de las microempresas y las empresas familiares para fomentar negocios sostenibles y servicios respetuosos con el medio ambiente, relacionados con sus personas y \\u00e1mbitos de actividad. El material de formaci\\u00f3n se basar\\u00e1 en los principios del aprendizaje a distancia, el aprendizaje en l\\u00ednea y las teor\\u00edas de dise\\u00f1o de servicios. Se estructurar\\u00e1 en apuntes, v\\u00eddeos, estudios de casos, escenarios de simulaci\\u00f3n, buenas pr\\u00e1cticas y un repositorio. El material de formaci\\u00f3n incluir\\u00e1 los siguientes temas: econom\\u00eda y \\u00e9tica empresarial en relaci\\u00f3n con el cambio clim\\u00e1tico, sostenibilidad, modelos empresariales sostenibles, teor\\u00eda y principios del dise\\u00f1o de servicios, m\\u00e9todos de dise\\u00f1o de servicios (personas, mapas del recorrido del cliente, modelos de servicios, storyboards, escenarios, mapeo de las partes interesadas) y transformaci\\u00f3n digital.<\\\/p>\",\"image\":\"wp-content\\\/uploads\\\/2022\\\/04\\\/e-learning_gfx.svg\",\"title_color\":\"success\",\"link\":\"https:\\\/\\\/elearning.sedihub.eu\\\/\",\"image_alt\":\"Sedihub elearning\",\"link_target\":true},\"name\":\"left-image-panel\"}]}]}]},{\"type\":\"section\",\"props\":{\"style\":\"muted\",\"width\":\"default\",\"vertical_align\":\"middle\",\"title_position\":\"top-left\",\"title_rotation\":\"left\",\"title_breakpoint\":\"xl\",\"image_position\":\"center-center\",\"padding\":\"small\"},\"children\":[{\"type\":\"row\",\"children\":[{\"type\":\"column\",\"props\":{\"position_sticky_breakpoint\":\"m\",\"image_position\":\"center-center\",\"media_overlay_gradient\":\"\"},\"children\":[{\"type\":\"headline\",\"props\":{\"title_element\":\"h2\",\"title_style\":\"h2\",\"title_color\":\"success\",\"text_align\":\"center\",\"content\":\"<span style=\\\"font-weight: 400;\\\">Noticias<\\\/span>\"}},{\"type\":\"grid\",\"props\":{\"show_title\":true,\"show_meta\":true,\"show_content\":false,\"show_image\":true,\"show_link\":true,\"grid_default\":\"1\",\"grid_medium\":\"3\",\"filter_style\":\"tab\",\"filter_all\":true,\"filter_position\":\"top\",\"filter_align\":\"left\",\"filter_grid_width\":\"auto\",\"filter_grid_breakpoint\":\"m\",\"title_hover_style\":\"reset\",\"title_element\":\"h3\",\"title_align\":\"top\",\"title_grid_width\":\"1-2\",\"title_grid_breakpoint\":\"m\",\"meta_style\":\"meta\",\"meta_align\":\"below-title\",\"meta_element\":\"div\",\"content_column_breakpoint\":\"m\",\"icon_width\":80,\"image_align\":\"top\",\"image_grid_width\":\"1-2\",\"image_grid_breakpoint\":\"m\",\"image_svg_color\":\"emphasis\",\"link_text\":\"\",\"link_style\":\"secondary\",\"margin\":\"default\",\"item_animation\":true,\"panel_style\":\"card-default\",\"class\":\"news-grid\",\"panel_link\":true,\"panel_padding\":\"small\",\"title_color\":\"success\",\"title_style\":\"h4\"},\"children\":[{\"type\":\"grid_item\",\"props\":{\"link_text\":\"\"},\"source\":{\"query\":{\"name\":\"posts.customPosts\",\"arguments\":{\"terms\":[10],\"category_operator\":\"IN\",\"post_tag_operator\":\"IN\",\"users\":[],\"users_operator\":\"IN\",\"offset\":0,\"limit\":10,\"order\":\"date\",\"order_direction\":\"DESC\"}},\"props\":{\"title\":{\"filters\":{\"search\":\"\"},\"name\":\"title\"},\"content\":{\"filters\":{\"search\":\"\"},\"name\":\"excerpt\"},\"image\":{\"filters\":{\"search\":\"\"},\"name\":\"featuredImage.url\"},\"link\":{\"filters\":{\"search\":\"\"},\"name\":\"link\"}}}}]},{\"type\":\"button\",\"props\":{\"grid_column_gap\":\"small\",\"grid_row_gap\":\"small\",\"margin\":\"default\",\"text_align\":\"center\"},\"children\":[{\"type\":\"button_item\",\"props\":{\"button_style\":\"primary\",\"icon_align\":\"left\",\"content\":\"Ver todas las noticias\",\"link\":\"\\\/es\\\/category\\\/news-es\\\/\"}}]}]}]}]}],\"version\":\"2.7.22\"} --><\/p>\n","protected":false},"excerpt":{"rendered":"<p>Creaci\u00f3n de una plataforma europea de dise\u00f1o de servicios para microempresas y empresas familiares con el fin de fomentar una econom\u00eda digitalizada sostenible Aprendizaje electr\u00f3nico..<\/p>\n","protected":false},"author":1,"featured_media":0,"parent":0,"menu_order":0,"comment_status":"closed","ping_status":"closed","template":"","meta":{"inline_featured_image":false,"footnotes":""},"class_list":["post-717","page","type-page","status-publish","hentry"],"_links":{"self":[{"href":"https:\/\/sedihub.eu\/es\/wp-json\/wp\/v2\/pages\/717","targetHints":{"allow":["GET"]}}],"collection":[{"href":"https:\/\/sedihub.eu\/es\/wp-json\/wp\/v2\/pages"}],"about":[{"href":"https:\/\/sedihub.eu\/es\/wp-json\/wp\/v2\/types\/page"}],"author":[{"embeddable":true,"href":"https:\/\/sedihub.eu\/es\/wp-json\/wp\/v2\/users\/1"}],"replies":[{"embeddable":true,"href":"https:\/\/sedihub.eu\/es\/wp-json\/wp\/v2\/comments?post=717"}],"version-history":[{"count":10,"href":"https:\/\/sedihub.eu\/es\/wp-json\/wp\/v2\/pages\/717\/revisions"}],"predecessor-version":[{"id":883,"href":"https:\/\/sedihub.eu\/es\/wp-json\/wp\/v2\/pages\/717\/revisions\/883"}],"wp:attachment":[{"href":"https:\/\/sedihub.eu\/es\/wp-json\/wp\/v2\/media?parent=717"}],"curies":[{"name":"wp","href":"https:\/\/api.w.org\/{rel}","templated":true}]}}