{"id":722,"date":"2022-02-24T14:11:38","date_gmt":"2022-02-24T14:11:38","guid":{"rendered":"https:\/\/sedihub.eu\/resources\/"},"modified":"2023-08-17T10:06:05","modified_gmt":"2023-08-17T10:06:05","slug":"resources","status":"publish","type":"page","link":"https:\/\/sedihub.eu\/es\/resources\/","title":{"rendered":"Resultados"},"content":{"rendered":"<div>\n<p>        <img decoding=\"async\" src=\"\/wp-content\/uploads\/2022\/04\/About-sedihub-07.svg\" alt=\"Aims &#038; Objectives\"><\/p>\n<h3>Resultados<\/h3>\n<div>\n<ol>\n<li>El m\u00e9todo de formaci\u00f3n y el plan de estudios por m\u00f3dulos de SeDiHUB, que incluye una metodolog\u00eda de formaci\u00f3n y una evaluaci\u00f3n posterior. Esto es \u00fatil para mejorar las competencias de las peque\u00f1as empresas y las empresas familiares en la creaci\u00f3n de servicios medioambientales, el desarrollo sostenible de la actividad empresarial y el uso de la econom\u00eda digital.\n<\/li>\n<li>Los materiales de formaci\u00f3n de SeDiHUB, dise\u00f1ados a trav\u00e9s de una estructura firme y con contenido dedicado a las necesidades de las peque\u00f1as empresas y empresas familiares. Estos materiales est\u00e1n espec\u00edficamente relacionados con el personal y sector de actividad de las PYME y las empresas familiares, y permitir\u00e1n desarrollar un servicio sostenible y respetuoso con el medio ambiente. El material de formaci\u00f3n se ajusta a los principios de la ense\u00f1anza a distancia, el aprendizaje en l\u00ednea e independiente y las teor\u00edas de dise\u00f1o de servicios.\n<\/li>\n<li>La plataforma en l\u00ednea de SeDiHUB, una herramienta certificada de aprendizaje en l\u00ednea para peque\u00f1as empresas y empresas familiares. Esta plataforma ofrece material de formaci\u00f3n y grandes conocimientos sobre el proceso y las herramientas de dise\u00f1o de servicios. Esta se enriquece con una caja de herramientas para el dise\u00f1o de servicios basado en la web que incluye recursos gamificados.\n<\/li>\n<li>La gu\u00eda para el uso de las herramientas SeDiHUB, en la que se explica c\u00f3mo utilizar las herramientas SeDiHUB, tanto en el \u00e1mbito de la formaci\u00f3n profesional como entre quienes ofrecen formaci\u00f3n, apoyo, servicios consulares, etc. a las peque\u00f1as empresas y las empresas familiares.<\/li>\n<\/ol>\n<\/div>\n<\/div>\n<h3>Descargas<\/h3>\n<div>\n<h3>Informe recopilatorio SeDiHUB (R1)<\/h3>\n<div>\n<p><strong>Resultado 1 Enfoque formativo y plan de estudios<\/strong> &#8211; Creaci\u00f3n de una plataforma europea de dise\u00f1o de servicios para microempresas y empresas familiares para promover una econom\u00eda digitalizada.<\/p>\n<\/div>\n<p><a href=\"\/wp-content\/uploads\/2022\/11\/SeDiHUB_R1_Compiled-Report.pdf\">Leer m\u00e1s<\/a><\/p>\n<\/div>\n<p><!--more--><br \/>\n<!-- {\"type\":\"layout\",\"children\":[{\"type\":\"section\",\"props\":{\"style\":\"default\",\"width\":\"default\",\"vertical_align\":\"middle\",\"title_position\":\"top-left\",\"title_rotation\":\"left\",\"title_breakpoint\":\"xl\",\"image_position\":\"center-center\"},\"children\":[{\"type\":\"row\",\"children\":[{\"type\":\"column\",\"props\":{\"position_sticky_breakpoint\":\"m\",\"image_position\":\"center-center\",\"media_overlay_gradient\":\"\"},\"children\":[{\"type\":\"panel\",\"props\":{\"link_text\":\"Read more\",\"title_hover_style\":\"reset\",\"title_element\":\"h3\",\"title_align\":\"top\",\"title_grid_width\":\"1-2\",\"title_grid_breakpoint\":\"m\",\"meta_style\":\"meta\",\"meta_align\":\"below-title\",\"meta_element\":\"div\",\"content_column_breakpoint\":\"m\",\"icon_width\":80,\"image_align\":\"right\",\"image_grid_width\":\"1-3\",\"image_grid_breakpoint\":\"m\",\"image_svg_color\":\"emphasis\",\"link_style\":\"primary\",\"margin\":\"default\",\"title\":\"Resultados\",\"content\":\"\n\n<ol>\\n\n\n<li>El m\\u00e9todo de formaci\\u00f3n y el plan de estudios por m\\u00f3dulos de SeDiHUB, que incluye una metodolog\\u00eda de formaci\\u00f3n y una evaluaci\\u00f3n posterior. Esto es \\u00fatil para mejorar las competencias de las peque\\u00f1as empresas y las empresas familiares en la creaci\\u00f3n de servicios medioambientales, el desarrollo sostenible de la actividad empresarial y el uso de la econom\\u00eda digital.<br \\\/><br \\\/><\\\/li>\\n\n\n<li>Los materiales de formaci\\u00f3n de SeDiHUB, dise\\u00f1ados a trav\\u00e9s de una estructura firme y con contenido dedicado a las necesidades de las peque\\u00f1as empresas y empresas familiares. Estos materiales est\\u00e1n espec\\u00edficamente relacionados con el personal y sector de actividad de las PYME y las empresas familiares, y permitir\\u00e1n desarrollar un servicio sostenible y respetuoso con el medio ambiente. El material de formaci\\u00f3n se ajusta a los principios de la ense\\u00f1anza a distancia, el aprendizaje en l\\u00ednea e independiente y las teor\\u00edas de dise\\u00f1o de servicios. <br \\\/><br \\\/><\\\/li>\\n\n\n<li>La plataforma en l\\u00ednea de SeDiHUB, una herramienta certificada de aprendizaje en l\\u00ednea para peque\\u00f1as empresas y empresas familiares. Esta plataforma ofrece material de formaci\\u00f3n y grandes conocimientos sobre el proceso y las herramientas de dise\\u00f1o de servicios. Esta se enriquece con una caja de herramientas para el dise\\u00f1o de servicios basado en la web que incluye recursos gamificados.<br \\\/><br \\\/><\\\/li>\\n\n\n<li>La gu\\u00eda para el uso de las herramientas SeDiHUB, en la que se explica c\\u00f3mo utilizar las herramientas SeDiHUB, tanto en el \\u00e1mbito de la formaci\\u00f3n profesional como entre quienes ofrecen formaci\\u00f3n, apoyo, servicios consulares, etc. a las peque\\u00f1as empresas y las empresas familiares.<\\\/li>\\n<\\\/ol>\",\"image\":\"wp-content\\\/uploads\\\/2022\\\/04\\\/About-sedihub-07.svg\",\"title_color\":\"warning\",\"link\":\"\",\"image_alt\":\"Aims & Objectives\"},\"name\":\"left-image-panel\"}]}]},{\"type\":\"row\",\"children\":[{\"type\":\"column\",\"props\":{\"position_sticky_breakpoint\":\"m\",\"image_position\":\"center-center\",\"media_overlay_gradient\":\"\"},\"children\":[{\"type\":\"headline\",\"props\":{\"title_element\":\"h3\",\"content\":\"Descargas\",\"title_color\":\"warning\"}},{\"type\":\"panel\",\"props\":{\"link_text\":\"Leer m\\u00e1s\",\"title_hover_style\":\"reset\",\"title_element\":\"h3\",\"title_align\":\"top\",\"title_grid_width\":\"1-2\",\"title_grid_breakpoint\":\"m\",\"meta_style\":\"meta\",\"meta_align\":\"below-title\",\"meta_element\":\"div\",\"content_column_breakpoint\":\"m\",\"icon_width\":\"30\",\"image_align\":\"left\",\"image_grid_width\":\"auto\",\"image_grid_breakpoint\":\"m\",\"image_svg_color\":\"emphasis\",\"link_style\":\"primary\",\"margin\":\"default\",\"panel_style\":\"tile-muted\",\"panel_padding\":\"small\",\"title\":\"Informe recopilatorio SeDiHUB (R1)\",\"content\":\"\n\n<p><strong>Resultado 1 Enfoque formativo y plan de estudios<\\\/strong> - Creaci\\u00f3n de una plataforma europea de dise\\u00f1o de servicios para microempresas y empresas familiares para promover una econom\\u00eda digitalizada.<\\\/p>\",\"icon\":\"download\",\"link\":\"\\\/wp-content\\\/uploads\\\/2022\\\/11\\\/SeDiHUB_R1_Compiled-Report.pdf\",\"link_target\":true,\"icon_color\":\"primary\"}}]}]}],\"name\":\"Aims & Objectives\"},{\"type\":\"section\",\"props\":{\"style\":\"default\",\"width\":\"default\",\"vertical_align\":\"middle\",\"title_position\":\"top-left\",\"title_rotation\":\"left\",\"title_breakpoint\":\"xl\",\"image_position\":\"center-center\"},\"children\":[{\"type\":\"row\",\"children\":[{\"type\":\"column\",\"props\":{\"position_sticky_breakpoint\":\"m\",\"image_position\":\"center-center\",\"media_overlay_gradient\":\"\"},\"children\":[]}]}]}],\"version\":\"2.7.22\"} --><\/p>\n","protected":false},"excerpt":{"rendered":"<p>Resultados El m\u00e9todo de formaci\u00f3n y el plan de estudios por m\u00f3dulos de SeDiHUB, que incluye una metodolog\u00eda de formaci\u00f3n y una evaluaci\u00f3n posterior. Esto..<\/p>\n","protected":false},"author":1,"featured_media":0,"parent":0,"menu_order":0,"comment_status":"closed","ping_status":"closed","template":"","meta":{"inline_featured_image":false,"footnotes":""},"class_list":["post-722","page","type-page","status-publish","hentry"],"_links":{"self":[{"href":"https:\/\/sedihub.eu\/es\/wp-json\/wp\/v2\/pages\/722","targetHints":{"allow":["GET"]}}],"collection":[{"href":"https:\/\/sedihub.eu\/es\/wp-json\/wp\/v2\/pages"}],"about":[{"href":"https:\/\/sedihub.eu\/es\/wp-json\/wp\/v2\/types\/page"}],"author":[{"embeddable":true,"href":"https:\/\/sedihub.eu\/es\/wp-json\/wp\/v2\/users\/1"}],"replies":[{"embeddable":true,"href":"https:\/\/sedihub.eu\/es\/wp-json\/wp\/v2\/comments?post=722"}],"version-history":[{"count":4,"href":"https:\/\/sedihub.eu\/es\/wp-json\/wp\/v2\/pages\/722\/revisions"}],"predecessor-version":[{"id":810,"href":"https:\/\/sedihub.eu\/es\/wp-json\/wp\/v2\/pages\/722\/revisions\/810"}],"wp:attachment":[{"href":"https:\/\/sedihub.eu\/es\/wp-json\/wp\/v2\/media?parent=722"}],"curies":[{"name":"wp","href":"https:\/\/api.w.org\/{rel}","templated":true}]}}