{"id":910,"date":"2024-07-01T07:41:48","date_gmt":"2024-07-01T07:41:48","guid":{"rendered":"https:\/\/sedihub.eu\/toolbox\/"},"modified":"2024-07-01T08:02:17","modified_gmt":"2024-07-01T08:02:17","slug":"toolbox","status":"publish","type":"page","link":"https:\/\/sedihub.eu\/es\/toolbox\/","title":{"rendered":"Conjunto de Herramientas"},"content":{"rendered":"<p><img decoding=\"async\" src=\"\/wp-content\/uploads\/2022\/04\/About-sedihub-07.svg\" alt=\"Aims &#038; Objectives\"><\/p>\n<div>\n<p dir=\"ltr\">Aqu\u00ed encontrar\u00e1s un conjunto de herramientas de dise\u00f1o de servicios reunidas en el proyecto SeDiHUB. Las herramientas est\u00e1n seleccionadas y dispuestas de forma que puedas desarrollar un nuevo producto\/servicio o mejorar uno ya existente paso a paso. El conjunto de herramientas se encuentra en la plataforma Mural.<\/p>\n<p dir=\"ltr\">En Mural encontrar\u00e1s la <a href=\"https:\/\/app.mural.co\/template\/97f3897a-2fee-46ab-afbb-94734a3edf1b\/82943a59-7b07-41e8-aba0-b951bf7425c7\" target=\"_blank\" rel=\"noopener\"><strong>caja de herramientas en espa\u00f1ol<\/strong>.<\/a><\/p>\n<p dir=\"ltr\">Por favor lea las gu\u00edas:<\/p>\n<\/div>\n<ul>\n<li>\n        <a href=\"https:\/\/sedihub.eu\/toolbox-guide\/es\/SeDiHub_Business%20(ES).pdf\">Negocios<\/a>\n    <\/li>\n<li>\n        <a href=\"https:\/\/sedihub.eu\/toolbox-guide\/es\/SeDiHub_Consultants%20(ES).pdf\">VET<\/a>\n    <\/li>\n<li>\n        <a href=\"https:\/\/sedihub.eu\/toolbox-guide\/es\/SeDiHub_VET%20(ES).pdf\">Consultores<\/a>\n    <\/li>\n<\/ul>\n<p><!--more--><br \/>\n<!-- {\"type\":\"layout\",\"children\":[{\"type\":\"section\",\"props\":{\"style\":\"default\",\"width\":\"default\",\"vertical_align\":\"\",\"title_position\":\"top-left\",\"title_rotation\":\"left\",\"title_breakpoint\":\"xl\",\"image_position\":\"center-center\",\"padding_remove_top\":true,\"height\":\"section\"},\"children\":[{\"type\":\"row\",\"children\":[{\"type\":\"column\",\"props\":{\"position_sticky_breakpoint\":\"m\",\"image_position\":\"center-center\",\"media_overlay_gradient\":\"\"},\"children\":[{\"type\":\"headline\",\"props\":{\"title_element\":\"h1\"},\"source\":{\"query\":{\"name\":\"pages.singlePage\"},\"props\":{\"content\":{\"filters\":{\"search\":\"\"},\"name\":\"title\"}}}}]}]},{\"type\":\"row\",\"children\":[{\"type\":\"column\",\"props\":{\"position_sticky_breakpoint\":\"m\",\"image_position\":\"center-center\",\"media_overlay_gradient\":\"\",\"width_medium\":\"1-3\"},\"children\":[{\"type\":\"image\",\"props\":{\"margin\":\"default\",\"image_svg_color\":\"emphasis\",\"visibility\":\"l\",\"image\":\"wp-content\\\/uploads\\\/2022\\\/04\\\/About-sedihub-07.svg\",\"image_alt\":\"Aims & Objectives\"}}]},{\"type\":\"column\",\"props\":{\"position_sticky_breakpoint\":\"m\",\"image_position\":\"center-center\",\"media_overlay_gradient\":\"\",\"width_medium\":\"2-3\"},\"children\":[{\"type\":\"text\",\"props\":{\"margin\":\"default\",\"column_breakpoint\":\"m\",\"content\":\"\n\n<p dir=\\\"ltr\\\">Aqu\\u00ed encontrar\\u00e1s un conjunto de herramientas de dise\\u00f1o de servicios reunidas en el proyecto SeDiHUB. Las herramientas est\\u00e1n seleccionadas y dispuestas de forma que puedas desarrollar un nuevo producto\\\/servicio o mejorar uno ya existente paso a paso. El conjunto de herramientas se encuentra en la plataforma Mural.<\\\/p>\\n\n\n<p dir=\\\"ltr\\\">En Mural encontrar\\u00e1s la <a href=\\\"https:\\\/\\\/app.mural.co\\\/template\\\/97f3897a-2fee-46ab-afbb-94734a3edf1b\\\/82943a59-7b07-41e8-aba0-b951bf7425c7\\\" target=\\\"_blank\\\" rel=\\\"noopener\\\"><strong>caja de herramientas en espa\\u00f1ol<\\\/strong>.<\\\/a><\\\/p>\\n\n\n<p dir=\\\"ltr\\\">Por favor lea las gu\\u00edas:<\\\/p>\"}},{\"type\":\"button\",\"props\":{\"grid_column_gap\":\"small\",\"grid_row_gap\":\"small\",\"margin\":\"default\",\"css\":\".el-content {\\n\\tmin-width: 130px;\\n}\"},\"children\":[{\"type\":\"button_item\",\"props\":{\"button_style\":\"primary\",\"icon_align\":\"left\",\"link_target\":\"blank\",\"content\":\"Negocios\",\"link\":\"https:\\\/\\\/sedihub.eu\\\/toolbox-guide\\\/es\\\/SeDiHub_Business%20(ES).pdf\"}},{\"type\":\"button_item\",\"props\":{\"button_style\":\"primary\",\"icon_align\":\"left\",\"link_target\":\"blank\",\"content\":\"VET\",\"link\":\"https:\\\/\\\/sedihub.eu\\\/toolbox-guide\\\/es\\\/SeDiHub_Consultants%20(ES).pdf\"}},{\"type\":\"button_item\",\"props\":{\"button_style\":\"primary\",\"icon_align\":\"left\",\"link_target\":\"blank\",\"content\":\"Consultores\",\"link\":\"https:\\\/\\\/sedihub.eu\\\/toolbox-guide\\\/es\\\/SeDiHub_VET%20(ES).pdf\"}}]}]}],\"props\":{\"layout\":\"1-3,2-3\"}}],\"name\":\"Aims & Objectives\"}],\"version\":\"2.7.22\"} --><\/p>\n","protected":false},"excerpt":{"rendered":"<p>Aqu\u00ed encontrar\u00e1s un conjunto de herramientas de dise\u00f1o de servicios reunidas en el proyecto SeDiHUB. Las herramientas est\u00e1n seleccionadas y dispuestas de forma que puedas..<\/p>\n","protected":false},"author":1,"featured_media":0,"parent":0,"menu_order":0,"comment_status":"closed","ping_status":"closed","template":"","meta":{"inline_featured_image":false,"footnotes":""},"class_list":["post-910","page","type-page","status-publish","hentry"],"_links":{"self":[{"href":"https:\/\/sedihub.eu\/es\/wp-json\/wp\/v2\/pages\/910","targetHints":{"allow":["GET"]}}],"collection":[{"href":"https:\/\/sedihub.eu\/es\/wp-json\/wp\/v2\/pages"}],"about":[{"href":"https:\/\/sedihub.eu\/es\/wp-json\/wp\/v2\/types\/page"}],"author":[{"embeddable":true,"href":"https:\/\/sedihub.eu\/es\/wp-json\/wp\/v2\/users\/1"}],"replies":[{"embeddable":true,"href":"https:\/\/sedihub.eu\/es\/wp-json\/wp\/v2\/comments?post=910"}],"version-history":[{"count":2,"href":"https:\/\/sedihub.eu\/es\/wp-json\/wp\/v2\/pages\/910\/revisions"}],"predecessor-version":[{"id":926,"href":"https:\/\/sedihub.eu\/es\/wp-json\/wp\/v2\/pages\/910\/revisions\/926"}],"wp:attachment":[{"href":"https:\/\/sedihub.eu\/es\/wp-json\/wp\/v2\/media?parent=910"}],"curies":[{"name":"wp","href":"https:\/\/api.w.org\/{rel}","templated":true}]}}