{"id":709,"date":"2022-02-24T14:11:37","date_gmt":"2022-02-24T14:11:37","guid":{"rendered":"https:\/\/sedihub.eu\/elearning\/"},"modified":"2023-08-17T11:31:19","modified_gmt":"2023-08-17T11:31:19","slug":"elearning","status":"publish","type":"page","link":"https:\/\/sedihub.eu\/et\/elearning\/","title":{"rendered":"E-\u00f5pe"},"content":{"rendered":"<h1>E-\u00f5pe<\/h1>\n<div>\n<p>        <img decoding=\"async\" src=\"\/wp-content\/uploads\/2022\/04\/e-learning_gfx.svg\" alt=\"e-learning\"><\/p>\n<div>\n<p>SeDiHUBi eesm\u00e4rk on koolitada mikro- ja pereettev\u00f5tteid, et nad saaksid kasutada s\u00e4\u00e4stva ja digitaliseeritud teenuste arendamiseks j\u00e4tkusuutlikke teenuseid, ning see on struktureeritud allj\u00e4rgnevateks eesm\u00e4rkideks: <\/p>\n<ul>\n<li style=\"font-weight: 400;\" aria-level=\"1\">T\u00f5sta mikro- ja pereettev\u00f5tete teadlikkust s\u00e4\u00e4stva arengu kohta, et arendada kliendile suunatud teenuseid j\u00e4tkusuutlikult ja keskkonnas\u00f5bralikult digitaliseeritud majanduses. <\/li>\n<li style=\"font-weight: 400;\" aria-level=\"1\">Anda teadmisi oskusi, mis on vajalikud selleks, et luua ise kliendikeskseid teenuseid. <\/li>\n<li style=\"font-weight: 400;\" aria-level=\"1\">Pakkuda kutsehariduse ja -koolituse pakkujatele metoodilist l\u00e4henemist uute vahendite ja veebip\u00f5histe \u00f5ppevahendite kasutamiseks s\u00e4\u00e4stva arengu \u00f5petamisel, kus keskkonnak\u00fcsimusi ja digitaliseerimisv\u00f5imalusi on arvesse v\u00f5etud. <\/li>\n<li style=\"font-weight: 400;\" aria-level=\"1\">Luua koolitusmaterjal spetsiaalselt mikro- ja pereettev\u00f5tete jaoks, millele on lisatud teenuste arendamiseks vajalikud suunised ja vahendid. <\/li>\n<li style=\"font-weight: 400;\" aria-level=\"1\">Luua veebip\u00f5hine \u00f5ppeplatvorm s\u00e4\u00e4stva arengu m\u00f5tlemise arendamiseks mikro- ja pereettev\u00f5tete seas. <\/li>\n<li style=\"font-weight: 400;\" aria-level=\"1\">Luua mikro- ja pereettev\u00f5tete keskus, kus sidusr\u00fchmad saavad \u00f5ppida, kuidas rakendada SD-d, matchmake&#8217;i ja luua \u00fchiseid teenuseid. <\/li>\n<li style=\"font-weight: 400;\" aria-level=\"1\">T\u00f5sta poliitikakujundajate ja ettev\u00f5tluse arendamise \u00f6kos\u00fcsteemis osalevate sidusr\u00fchmade teadlikkust s\u00e4\u00e4stva arengu m\u00f5tlemise vajalikkusest kui lisandv\u00e4\u00e4rtuse loomise olulisest punktist teenuste, digitaalmajanduse ja s\u00e4\u00e4stva arengu valdkonnas.<\/li>\n<\/ul>\n<\/div>\n<p><a href=\"https:\/\/elearning.sedihub.eu\/\">K\u00fclastage platvormi<\/a><\/p>\n<\/div>\n<p><!--more--><br \/>\n<!-- {\"type\":\"layout\",\"children\":[{\"type\":\"section\",\"props\":{\"style\":\"default\",\"width\":\"default\",\"vertical_align\":\"middle\",\"title_position\":\"top-left\",\"title_rotation\":\"left\",\"title_breakpoint\":\"xl\",\"image_position\":\"center-center\",\"padding_remove_top\":true},\"children\":[{\"type\":\"row\",\"children\":[{\"type\":\"column\",\"props\":{\"position_sticky_breakpoint\":\"m\",\"image_position\":\"center-center\",\"media_overlay_gradient\":\"\"},\"children\":[{\"type\":\"headline\",\"props\":{\"title_element\":\"h1\",\"content\":\"E-\\u00f5pe\",\"title_color\":\"success\"}},{\"type\":\"panel\",\"props\":{\"link_text\":\"K\\u00fclastage platvormi\",\"title_hover_style\":\"reset\",\"title_element\":\"h3\",\"title_align\":\"top\",\"title_grid_width\":\"1-2\",\"title_grid_breakpoint\":\"m\",\"meta_style\":\"meta\",\"meta_align\":\"below-title\",\"meta_element\":\"div\",\"content_column_breakpoint\":\"m\",\"icon_width\":80,\"image_align\":\"right\",\"image_grid_width\":\"1-3\",\"image_grid_breakpoint\":\"m\",\"image_svg_color\":\"emphasis\",\"link_style\":\"primary\",\"margin\":\"default\",\"title\":\"\",\"content\":\"\n\n<p>SeDiHUBi eesm\\u00e4rk on koolitada mikro- ja pereettev\\u00f5tteid, et nad saaksid kasutada s\\u00e4\\u00e4stva ja digitaliseeritud teenuste arendamiseks j\\u00e4tkusuutlikke teenuseid, ning see on struktureeritud allj\\u00e4rgnevateks eesm\\u00e4rkideks: <\\\/p>\\n\n\n<ul>\\n\n\n<li style=\\\"font-weight: 400;\\\" aria-level=\\\"1\\\">T\\u00f5sta mikro- ja pereettev\\u00f5tete teadlikkust s\\u00e4\\u00e4stva arengu kohta, et arendada kliendile suunatud teenuseid j\\u00e4tkusuutlikult ja keskkonnas\\u00f5bralikult digitaliseeritud majanduses. <\\\/li>\\n\n\n<li style=\\\"font-weight: 400;\\\" aria-level=\\\"1\\\">Anda teadmisi oskusi, mis on vajalikud selleks, et luua ise kliendikeskseid teenuseid. <\\\/li>\\n\n\n<li style=\\\"font-weight: 400;\\\" aria-level=\\\"1\\\">Pakkuda kutsehariduse ja -koolituse pakkujatele metoodilist l\\u00e4henemist uute vahendite ja veebip\\u00f5histe \\u00f5ppevahendite kasutamiseks s\\u00e4\\u00e4stva arengu \\u00f5petamisel, kus keskkonnak\\u00fcsimusi ja digitaliseerimisv\\u00f5imalusi on arvesse v\\u00f5etud. <\\\/li>\\n\n\n<li style=\\\"font-weight: 400;\\\" aria-level=\\\"1\\\">Luua koolitusmaterjal spetsiaalselt mikro- ja pereettev\\u00f5tete jaoks, millele on lisatud teenuste arendamiseks vajalikud suunised ja vahendid. <\\\/li>\\n\n\n<li style=\\\"font-weight: 400;\\\" aria-level=\\\"1\\\">Luua veebip\\u00f5hine \\u00f5ppeplatvorm s\\u00e4\\u00e4stva arengu m\\u00f5tlemise arendamiseks mikro- ja pereettev\\u00f5tete seas. <\\\/li>\\n\n\n<li style=\\\"font-weight: 400;\\\" aria-level=\\\"1\\\">Luua mikro- ja pereettev\\u00f5tete keskus, kus sidusr\\u00fchmad saavad \\u00f5ppida, kuidas rakendada SD-d, matchmake'i ja luua \\u00fchiseid teenuseid. <\\\/li>\\n\n\n<li style=\\\"font-weight: 400;\\\" aria-level=\\\"1\\\">T\\u00f5sta poliitikakujundajate ja ettev\\u00f5tluse arendamise \\u00f6kos\\u00fcsteemis osalevate sidusr\\u00fchmade teadlikkust s\\u00e4\\u00e4stva arengu m\\u00f5tlemise vajalikkusest kui lisandv\\u00e4\\u00e4rtuse loomise olulisest punktist teenuste, digitaalmajanduse ja s\\u00e4\\u00e4stva arengu valdkonnas.<\\\/li>\\n<\\\/ul>\",\"image\":\"wp-content\\\/uploads\\\/2022\\\/04\\\/e-learning_gfx.svg\",\"title_color\":\"success\",\"link\":\"https:\\\/\\\/elearning.sedihub.eu\\\/\",\"image_alt\":\"e-learning\",\"link_target\":true},\"name\":\"left-image-panel\"}]}]}]}],\"version\":\"2.7.22\"} --><\/p>\n","protected":false},"excerpt":{"rendered":"<p>E-\u00f5pe SeDiHUBi eesm\u00e4rk on koolitada mikro- ja pereettev\u00f5tteid, et nad saaksid kasutada s\u00e4\u00e4stva ja digitaliseeritud teenuste arendamiseks j\u00e4tkusuutlikke teenuseid, ning see on struktureeritud allj\u00e4rgnevateks eesm\u00e4rkideks:..<\/p>\n","protected":false},"author":1,"featured_media":0,"parent":0,"menu_order":0,"comment_status":"closed","ping_status":"closed","template":"","meta":{"inline_featured_image":false,"footnotes":""},"class_list":["post-709","page","type-page","status-publish","hentry"],"_links":{"self":[{"href":"https:\/\/sedihub.eu\/et\/wp-json\/wp\/v2\/pages\/709","targetHints":{"allow":["GET"]}}],"collection":[{"href":"https:\/\/sedihub.eu\/et\/wp-json\/wp\/v2\/pages"}],"about":[{"href":"https:\/\/sedihub.eu\/et\/wp-json\/wp\/v2\/types\/page"}],"author":[{"embeddable":true,"href":"https:\/\/sedihub.eu\/et\/wp-json\/wp\/v2\/users\/1"}],"replies":[{"embeddable":true,"href":"https:\/\/sedihub.eu\/et\/wp-json\/wp\/v2\/comments?post=709"}],"version-history":[{"count":3,"href":"https:\/\/sedihub.eu\/et\/wp-json\/wp\/v2\/pages\/709\/revisions"}],"predecessor-version":[{"id":836,"href":"https:\/\/sedihub.eu\/et\/wp-json\/wp\/v2\/pages\/709\/revisions\/836"}],"wp:attachment":[{"href":"https:\/\/sedihub.eu\/et\/wp-json\/wp\/v2\/media?parent=709"}],"curies":[{"name":"wp","href":"https:\/\/api.w.org\/{rel}","templated":true}]}}