{"id":714,"date":"2022-02-24T14:11:37","date_gmt":"2022-02-24T14:11:37","guid":{"rendered":"https:\/\/sedihub.eu\/home\/"},"modified":"2023-08-17T12:49:53","modified_gmt":"2023-08-17T12:49:53","slug":"home","status":"publish","type":"page","link":"https:\/\/sedihub.eu\/et\/","title":{"rendered":"Avaleht"},"content":{"rendered":"<h1>Euroopa mikro- ja pereettev\u00f5tete teenuste disainikeskuse platvormi loomine j\u00e4tkusuutliku digitaliseeritud majanduse edendamiseks.<\/h1>\n<p><img decoding=\"async\" src=\"\/wp-content\/uploads\/2022\/04\/intro-image-sedihub-07.svg\" alt=\"\"><\/p>\n<p>\n    <a href=\"\/et\/about\">Loe rohkem<\/a>\n<\/p>\n<div>\n<p>        <img decoding=\"async\" src=\"\/wp-content\/uploads\/2022\/04\/e-learning_gfx.svg\" alt=\"e-learning\"><\/p>\n<h3>e-\u00f5pe<\/h3>\n<div>\n<p>SeDiHUBi koolitusmaterjal on spetsiaalselt kavandatud nii, et selle struktuur ja sisu vastaks mikro- ja pereettev\u00f5tete vajadustele ja \u00f5ppimisviisidele. Eesm\u00e4rgiks on arendada j\u00e4tkusuutlikku ettev\u00f5tlust ja keskkonnas\u00f5bralikke teenuseid, mis on seotud ettev\u00f5tete kliendide ja tegevusvaldkondadega. Koolitusmaterjal p\u00f5hineb kaug\u00f5ppe, veebip\u00f5hise \u00f5ppe ja teenuste disaini teooriate p\u00f5him\u00f5tetel. See on struktureeritud m\u00e4rkmete, videote, juhtumiuuringute, simulatsioonistsenaariumide, heade tavade ja hoiukava abil. Koolitusmaterjal h\u00f5lmab j\u00e4rgmisi teemasid: kliimamuutustega seotud majandus ja \u00e4rieetika, j\u00e4tkusuutlikkus, j\u00e4tkusuutlikud \u00e4rimudelid, teenusedisaini teooria ja p\u00f5him\u00f5tted, teenusedisaini meetodid (personad, kliendi teekonnakaardid, teenuste plaanid, storyboards, stsenaariumid, sidusr\u00fchmade kaardistamine) ja digitaalne \u00fcmberkujundamine.<\/p>\n<\/div>\n<p><a href=\"https:\/\/elearning.sedihub.eu\/\">K\u00fclastage platvormi<\/a><\/p>\n<\/div>\n<h2><span style=\"font-weight: 400;\">Uudised<\/span><\/h2>\n<div>\n<\/div>\n<p>\n    <a href=\"\/et\/category\/news-et\/\">Vaata k\u00f5iki uudiseid<\/a>\n<\/p>\n<p><!--more--><br \/>\n<!-- {\"type\":\"layout\",\"children\":[{\"type\":\"section\",\"props\":{\"style\":\"default\",\"width\":\"default\",\"vertical_align\":\"middle\",\"title_position\":\"top-left\",\"title_rotation\":\"left\",\"title_breakpoint\":\"xl\",\"image_position\":\"center-center\"},\"children\":[{\"type\":\"row\",\"children\":[{\"type\":\"column\",\"props\":{\"position_sticky_breakpoint\":\"m\",\"image_position\":\"center-center\",\"media_overlay_gradient\":\"\",\"width_medium\":\"\"},\"children\":[{\"type\":\"headline\",\"props\":{\"title_element\":\"h1\",\"title_color\":\"success\",\"content\":\"Euroopa mikro- ja pereettev\\u00f5tete teenuste disainikeskuse platvormi loomine j\\u00e4tkusuutliku digitaliseeritud majanduse edendamiseks.\",\"title_style\":\"h3\",\"text_align\":\"center\"}},{\"type\":\"image\",\"props\":{\"margin\":\"default\",\"image_svg_color\":\"emphasis\",\"image\":\"wp-content\\\/uploads\\\/2022\\\/04\\\/intro-image-sedihub-07.svg\",\"text_align\":\"center\"}},{\"type\":\"button\",\"props\":{\"grid_column_gap\":\"small\",\"grid_row_gap\":\"small\",\"margin\":\"default\",\"text_align\":\"center\"},\"children\":[{\"type\":\"button_item\",\"props\":{\"button_style\":\"primary\",\"icon_align\":\"left\",\"content\":\"Loe rohkem\",\"link\":\"\\\/et\\\/about\"}}]}]}]}]},{\"type\":\"section\",\"props\":{\"style\":\"default\",\"width\":\"default\",\"vertical_align\":\"middle\",\"title_position\":\"top-left\",\"title_rotation\":\"left\",\"title_breakpoint\":\"xl\",\"image_position\":\"center-center\",\"padding\":\"small\"},\"children\":[{\"type\":\"row\",\"children\":[{\"type\":\"column\",\"props\":{\"position_sticky_breakpoint\":\"m\",\"image_position\":\"center-center\",\"media_overlay_gradient\":\"\"},\"children\":[{\"type\":\"panel\",\"props\":{\"link_text\":\"K\\u00fclastage platvormi\",\"title_hover_style\":\"reset\",\"title_element\":\"h3\",\"title_align\":\"top\",\"title_grid_width\":\"1-2\",\"title_grid_breakpoint\":\"m\",\"meta_style\":\"meta\",\"meta_align\":\"below-title\",\"meta_element\":\"div\",\"content_column_breakpoint\":\"m\",\"icon_width\":80,\"image_align\":\"left\",\"image_grid_width\":\"1-3\",\"image_grid_breakpoint\":\"m\",\"image_svg_color\":\"emphasis\",\"link_style\":\"primary\",\"margin\":\"default\",\"title\":\"e-\\u00f5pe\",\"content\":\"\n\n<p>SeDiHUBi koolitusmaterjal on spetsiaalselt kavandatud nii, et selle struktuur ja sisu vastaks mikro- ja pereettev\\u00f5tete vajadustele ja \\u00f5ppimisviisidele. Eesm\\u00e4rgiks on arendada j\\u00e4tkusuutlikku ettev\\u00f5tlust ja keskkonnas\\u00f5bralikke teenuseid, mis on seotud ettev\\u00f5tete kliendide ja tegevusvaldkondadega. Koolitusmaterjal p\\u00f5hineb kaug\\u00f5ppe, veebip\\u00f5hise \\u00f5ppe ja teenuste disaini teooriate p\\u00f5him\\u00f5tetel. See on struktureeritud m\\u00e4rkmete, videote, juhtumiuuringute, simulatsioonistsenaariumide, heade tavade ja hoiukava abil. Koolitusmaterjal h\\u00f5lmab j\\u00e4rgmisi teemasid: kliimamuutustega seotud majandus ja \\u00e4rieetika, j\\u00e4tkusuutlikkus, j\\u00e4tkusuutlikud \\u00e4rimudelid, teenusedisaini teooria ja p\\u00f5him\\u00f5tted, teenusedisaini meetodid (personad, kliendi teekonnakaardid, teenuste plaanid, storyboards, stsenaariumid, sidusr\\u00fchmade kaardistamine) ja digitaalne \\u00fcmberkujundamine.<\\\/p>\",\"image\":\"wp-content\\\/uploads\\\/2022\\\/04\\\/e-learning_gfx.svg\",\"title_color\":\"success\",\"link\":\"https:\\\/\\\/elearning.sedihub.eu\\\/\",\"image_alt\":\"e-learning\",\"link_target\":true},\"name\":\"left-image-panel\"}]}]}]},{\"type\":\"section\",\"props\":{\"style\":\"muted\",\"width\":\"default\",\"vertical_align\":\"middle\",\"title_position\":\"top-left\",\"title_rotation\":\"left\",\"title_breakpoint\":\"xl\",\"image_position\":\"center-center\",\"padding\":\"small\"},\"children\":[{\"type\":\"row\",\"children\":[{\"type\":\"column\",\"props\":{\"position_sticky_breakpoint\":\"m\",\"image_position\":\"center-center\",\"media_overlay_gradient\":\"\"},\"children\":[{\"type\":\"headline\",\"props\":{\"title_element\":\"h2\",\"title_style\":\"h2\",\"title_color\":\"success\",\"text_align\":\"center\",\"content\":\"<span style=\\\"font-weight: 400;\\\">Uudised<\\\/span>\"}},{\"type\":\"grid\",\"props\":{\"show_title\":true,\"show_meta\":true,\"show_content\":false,\"show_image\":true,\"show_link\":true,\"grid_default\":\"1\",\"grid_medium\":\"3\",\"filter_style\":\"tab\",\"filter_all\":true,\"filter_position\":\"top\",\"filter_align\":\"left\",\"filter_grid_width\":\"auto\",\"filter_grid_breakpoint\":\"m\",\"title_hover_style\":\"reset\",\"title_element\":\"h3\",\"title_align\":\"top\",\"title_grid_width\":\"1-2\",\"title_grid_breakpoint\":\"m\",\"meta_style\":\"meta\",\"meta_align\":\"below-title\",\"meta_element\":\"div\",\"content_column_breakpoint\":\"m\",\"icon_width\":80,\"image_align\":\"top\",\"image_grid_width\":\"1-2\",\"image_grid_breakpoint\":\"m\",\"image_svg_color\":\"emphasis\",\"link_text\":\"\",\"link_style\":\"secondary\",\"margin\":\"default\",\"item_animation\":true,\"panel_style\":\"card-default\",\"class\":\"news-grid\",\"panel_link\":true,\"panel_padding\":\"small\",\"title_color\":\"success\",\"title_style\":\"h4\"},\"children\":[{\"type\":\"grid_item\",\"props\":{\"link_text\":\"\"},\"source\":{\"query\":{\"name\":\"posts.customPosts\",\"arguments\":{\"terms\":[10],\"category_operator\":\"IN\",\"post_tag_operator\":\"IN\",\"users\":[],\"users_operator\":\"IN\",\"offset\":0,\"limit\":10,\"order\":\"date\",\"order_direction\":\"DESC\"}},\"props\":{\"title\":{\"filters\":{\"search\":\"\"},\"name\":\"title\"},\"content\":{\"filters\":{\"search\":\"\"},\"name\":\"excerpt\"},\"image\":{\"filters\":{\"search\":\"\"},\"name\":\"featuredImage.url\"},\"link\":{\"filters\":{\"search\":\"\"},\"name\":\"link\"}}}}]},{\"type\":\"button\",\"props\":{\"grid_column_gap\":\"small\",\"grid_row_gap\":\"small\",\"margin\":\"default\",\"text_align\":\"center\"},\"children\":[{\"type\":\"button_item\",\"props\":{\"button_style\":\"primary\",\"icon_align\":\"left\",\"content\":\"Vaata k\\u00f5iki uudiseid\",\"link\":\"\\\/et\\\/category\\\/news-et\\\/\",\"link_title\":\"\"}}]}]}]}]}],\"version\":\"2.7.22\"} --><\/p>\n","protected":false},"excerpt":{"rendered":"<p>Euroopa mikro- ja pereettev\u00f5tete teenuste disainikeskuse platvormi loomine j\u00e4tkusuutliku digitaliseeritud majanduse edendamiseks. Loe rohkem e-\u00f5pe SeDiHUBi koolitusmaterjal on spetsiaalselt kavandatud nii, et selle struktuur ja..<\/p>\n","protected":false},"author":1,"featured_media":0,"parent":0,"menu_order":0,"comment_status":"closed","ping_status":"closed","template":"","meta":{"inline_featured_image":false,"footnotes":""},"class_list":["post-714","page","type-page","status-publish","hentry"],"_links":{"self":[{"href":"https:\/\/sedihub.eu\/et\/wp-json\/wp\/v2\/pages\/714","targetHints":{"allow":["GET"]}}],"collection":[{"href":"https:\/\/sedihub.eu\/et\/wp-json\/wp\/v2\/pages"}],"about":[{"href":"https:\/\/sedihub.eu\/et\/wp-json\/wp\/v2\/types\/page"}],"author":[{"embeddable":true,"href":"https:\/\/sedihub.eu\/et\/wp-json\/wp\/v2\/users\/1"}],"replies":[{"embeddable":true,"href":"https:\/\/sedihub.eu\/et\/wp-json\/wp\/v2\/comments?post=714"}],"version-history":[{"count":8,"href":"https:\/\/sedihub.eu\/et\/wp-json\/wp\/v2\/pages\/714\/revisions"}],"predecessor-version":[{"id":881,"href":"https:\/\/sedihub.eu\/et\/wp-json\/wp\/v2\/pages\/714\/revisions\/881"}],"wp:attachment":[{"href":"https:\/\/sedihub.eu\/et\/wp-json\/wp\/v2\/media?parent=714"}],"curies":[{"name":"wp","href":"https:\/\/api.w.org\/{rel}","templated":true}]}}