{"id":718,"date":"2022-02-24T14:11:38","date_gmt":"2022-02-24T14:11:38","guid":{"rendered":"https:\/\/sedihub.eu\/resources\/"},"modified":"2023-08-17T11:29:36","modified_gmt":"2023-08-17T11:29:36","slug":"resources","status":"publish","type":"page","link":"https:\/\/sedihub.eu\/et\/resources\/","title":{"rendered":"Tulemused"},"content":{"rendered":"<div>\n<p>        <img decoding=\"async\" src=\"\/wp-content\/uploads\/2022\/04\/About-sedihub-07.svg\" alt=\"Aims &#038; Objectives\"><\/p>\n<h3>Projekti tulemused<\/h3>\n<div>\n<ol>\n<li>SeDiHUBi koolitusl\u00e4henemine ja modulaarne \u00f5ppekava, mis sisaldab koolitusmetoodikat ja sellele j\u00e4rgnevat hindamist, mis on abiks v\u00e4ike- ja pereettev\u00f5tete oskuste parandamisel keskkonnateenuste arendamisel, j\u00e4tkusuutliku ettev\u00f5tluse j\u00e4tkusuutlikul arendamisel ja digitaalmajanduse kasutamisel.\n<\/li>\n<li>SeDiHUBi koolitusmaterjalid, mis on oma struktuuri ja sisu kaudu kindlalt kavandatud, et p\u00f6\u00f6rata t\u00e4helepanu v\u00e4ike- ja pereettev\u00f5tete vajadustele, et arendada j\u00e4tkusuutlikku ja keskkonnas\u00f5bralikku teenust, mis on seotud konkreetselt nende t\u00f6\u00f6tajate ja tegevusvaldkonnaga. Koolitusmaterjalid teenivad kaug\u00f5ppe, veebip\u00f5hise ja iseseisva \u00f5ppimise ning teenuse disaini teooriaid.\n<\/li>\n<li>SeDiHUB\u2019s online platform, a certified online learning platform for small and family businesses to deliver training materials, and great insights into the service design process and tools. It is enriched with a toolbox for web-based service design, including gamified resources.\n<\/li>\n<li>SeDiHUBi vahendite kasutamise juhend, mille k\u00e4igus koostatakse p\u00f5hjalik juhend v\u00e4ike- ja pereettev\u00f5tete keskuse loomiseks ja SeDiHUBi valdkonna edasiseks kasutamiseks nii kutse\u00f5ppe kui ka v\u00e4ike- ja pereettev\u00f5tetele koolitust, toetust, konsulaarteenuseid jne pakkuvate isikute seas.<\/li>\n<\/ol>\n<\/div>\n<\/div>\n<h3>Allalaadimine<\/h3>\n<div>\n<h3>SeDiHUBi aruanne (R1)<\/h3>\n<div>\n<p>Tulemus 1 SeDiHUB koolituse l\u00e4henemisviis ja \u00f5ppekava &#8211; Euroopa mikro- ja pereettev\u00f5tete teenuste disainikeskuse platvormi loomine j\u00e4tkusuutliku digitaliseeritud majanduse edendamiseks.<\/p>\n<\/div>\n<p><a href=\"\/wp-content\/uploads\/2022\/11\/SeDiHUB_R1_Compiled-Report.pdf\">Loe rohkem<\/a><\/p>\n<\/div>\n<p><!--more--><br \/>\n<!-- {\"type\":\"layout\",\"children\":[{\"type\":\"section\",\"props\":{\"style\":\"default\",\"width\":\"default\",\"vertical_align\":\"middle\",\"title_position\":\"top-left\",\"title_rotation\":\"left\",\"title_breakpoint\":\"xl\",\"image_position\":\"center-center\"},\"children\":[{\"type\":\"row\",\"children\":[{\"type\":\"column\",\"props\":{\"position_sticky_breakpoint\":\"m\",\"image_position\":\"center-center\",\"media_overlay_gradient\":\"\"},\"children\":[{\"type\":\"panel\",\"props\":{\"link_text\":\"Read more\",\"title_hover_style\":\"reset\",\"title_element\":\"h3\",\"title_align\":\"top\",\"title_grid_width\":\"1-2\",\"title_grid_breakpoint\":\"m\",\"meta_style\":\"meta\",\"meta_align\":\"below-title\",\"meta_element\":\"div\",\"content_column_breakpoint\":\"m\",\"icon_width\":80,\"image_align\":\"right\",\"image_grid_width\":\"1-3\",\"image_grid_breakpoint\":\"m\",\"image_svg_color\":\"emphasis\",\"link_style\":\"primary\",\"margin\":\"default\",\"title\":\"Projekti tulemused\",\"content\":\"\n\n<ol>\\n\n\n<li>SeDiHUBi koolitusl\\u00e4henemine ja modulaarne \\u00f5ppekava, mis sisaldab koolitusmetoodikat ja sellele j\\u00e4rgnevat hindamist, mis on abiks v\\u00e4ike- ja pereettev\\u00f5tete oskuste parandamisel keskkonnateenuste arendamisel, j\\u00e4tkusuutliku ettev\\u00f5tluse j\\u00e4tkusuutlikul arendamisel ja digitaalmajanduse kasutamisel.<br \\\/><br \\\/><\\\/li>\\n\n\n<li>SeDiHUBi koolitusmaterjalid, mis on oma struktuuri ja sisu kaudu kindlalt kavandatud, et p\\u00f6\\u00f6rata t\\u00e4helepanu v\\u00e4ike- ja pereettev\\u00f5tete vajadustele, et arendada j\\u00e4tkusuutlikku ja keskkonnas\\u00f5bralikku teenust, mis on seotud konkreetselt nende t\\u00f6\\u00f6tajate ja tegevusvaldkonnaga. Koolitusmaterjalid teenivad kaug\\u00f5ppe, veebip\\u00f5hise ja iseseisva \\u00f5ppimise ning teenuse disaini teooriaid.<br \\\/><br \\\/><\\\/li>\\n\n\n<li>SeDiHUB\\u2019s online platform, a certified online learning platform for small and family businesses to deliver training materials, and great insights into the service design process and tools. It is enriched with a toolbox for web-based service design, including gamified resources.<br \\\/><br \\\/><\\\/li>\\n\n\n<li>SeDiHUBi vahendite kasutamise juhend, mille k\\u00e4igus koostatakse p\\u00f5hjalik juhend v\\u00e4ike- ja pereettev\\u00f5tete keskuse loomiseks ja SeDiHUBi valdkonna edasiseks kasutamiseks nii kutse\\u00f5ppe kui ka v\\u00e4ike- ja pereettev\\u00f5tetele koolitust, toetust, konsulaarteenuseid jne pakkuvate isikute seas.<\\\/li>\\n<\\\/ol>\",\"image\":\"wp-content\\\/uploads\\\/2022\\\/04\\\/About-sedihub-07.svg\",\"title_color\":\"warning\",\"link\":\"\",\"image_alt\":\"Aims & Objectives\"},\"name\":\"left-image-panel\"}]}]},{\"type\":\"row\",\"children\":[{\"type\":\"column\",\"props\":{\"position_sticky_breakpoint\":\"m\",\"image_position\":\"center-center\",\"media_overlay_gradient\":\"\"},\"children\":[{\"type\":\"headline\",\"props\":{\"title_element\":\"h3\",\"content\":\"Allalaadimine\",\"title_color\":\"warning\"}},{\"type\":\"panel\",\"props\":{\"link_text\":\"Loe rohkem\",\"title_hover_style\":\"reset\",\"title_element\":\"h3\",\"title_align\":\"top\",\"title_grid_width\":\"1-2\",\"title_grid_breakpoint\":\"m\",\"meta_style\":\"meta\",\"meta_align\":\"below-title\",\"meta_element\":\"div\",\"content_column_breakpoint\":\"m\",\"icon_width\":\"30\",\"image_align\":\"left\",\"image_grid_width\":\"auto\",\"image_grid_breakpoint\":\"m\",\"image_svg_color\":\"emphasis\",\"link_style\":\"primary\",\"margin\":\"default\",\"panel_style\":\"tile-muted\",\"panel_padding\":\"small\",\"title\":\"SeDiHUBi aruanne (R1)\",\"content\":\"\n\n<p>Tulemus 1 SeDiHUB koolituse l\\u00e4henemisviis ja \\u00f5ppekava - Euroopa mikro- ja pereettev\\u00f5tete teenuste disainikeskuse platvormi loomine j\\u00e4tkusuutliku digitaliseeritud majanduse edendamiseks.<\\\/p>\",\"icon\":\"download\",\"link\":\"\\\/wp-content\\\/uploads\\\/2022\\\/11\\\/SeDiHUB_R1_Compiled-Report.pdf\",\"link_target\":true,\"icon_color\":\"primary\"}}]}]}],\"name\":\"Aims & Objectives\"},{\"type\":\"section\",\"props\":{\"style\":\"default\",\"width\":\"default\",\"vertical_align\":\"middle\",\"title_position\":\"top-left\",\"title_rotation\":\"left\",\"title_breakpoint\":\"xl\",\"image_position\":\"center-center\"},\"children\":[{\"type\":\"row\",\"children\":[{\"type\":\"column\",\"props\":{\"position_sticky_breakpoint\":\"m\",\"image_position\":\"center-center\",\"media_overlay_gradient\":\"\"},\"children\":[]}]}]}],\"version\":\"2.7.22\"} --><\/p>\n","protected":false},"excerpt":{"rendered":"<p>Projekti tulemused SeDiHUBi koolitusl\u00e4henemine ja modulaarne \u00f5ppekava, mis sisaldab koolitusmetoodikat ja sellele j\u00e4rgnevat hindamist, mis on abiks v\u00e4ike- ja pereettev\u00f5tete oskuste parandamisel keskkonnateenuste arendamisel, j\u00e4tkusuutliku..<\/p>\n","protected":false},"author":1,"featured_media":0,"parent":0,"menu_order":0,"comment_status":"closed","ping_status":"closed","template":"","meta":{"inline_featured_image":false,"footnotes":""},"class_list":["post-718","page","type-page","status-publish","hentry"],"_links":{"self":[{"href":"https:\/\/sedihub.eu\/et\/wp-json\/wp\/v2\/pages\/718","targetHints":{"allow":["GET"]}}],"collection":[{"href":"https:\/\/sedihub.eu\/et\/wp-json\/wp\/v2\/pages"}],"about":[{"href":"https:\/\/sedihub.eu\/et\/wp-json\/wp\/v2\/types\/page"}],"author":[{"embeddable":true,"href":"https:\/\/sedihub.eu\/et\/wp-json\/wp\/v2\/users\/1"}],"replies":[{"embeddable":true,"href":"https:\/\/sedihub.eu\/et\/wp-json\/wp\/v2\/comments?post=718"}],"version-history":[{"count":3,"href":"https:\/\/sedihub.eu\/et\/wp-json\/wp\/v2\/pages\/718\/revisions"}],"predecessor-version":[{"id":835,"href":"https:\/\/sedihub.eu\/et\/wp-json\/wp\/v2\/pages\/718\/revisions\/835"}],"wp:attachment":[{"href":"https:\/\/sedihub.eu\/et\/wp-json\/wp\/v2\/media?parent=718"}],"curies":[{"name":"wp","href":"https:\/\/api.w.org\/{rel}","templated":true}]}}