{"id":906,"date":"2024-07-01T07:41:48","date_gmt":"2024-07-01T07:41:48","guid":{"rendered":"https:\/\/sedihub.eu\/toolbox\/"},"modified":"2024-07-01T08:00:01","modified_gmt":"2024-07-01T08:00:01","slug":"toolbox","status":"publish","type":"page","link":"https:\/\/sedihub.eu\/et\/toolbox\/","title":{"rendered":"T\u00f6\u00f6riistakast"},"content":{"rendered":"<p><img decoding=\"async\" src=\"\/wp-content\/uploads\/2022\/04\/About-sedihub-07.svg\" alt=\"Aims &#038; Objectives\"><\/p>\n<div>\n<p dir=\"ltr\">Siit leiate SeDiHUB projektis kokku pandud teenuste kujundamise t\u00f6\u00f6riistade komplekti. T\u00f6\u00f6riistad valiti ja kohandati nii, et saaksite samm-sammult arendada uut v\u00f5i t\u00e4iustada olemasolevat toodet\/teenust. T\u00f6\u00f6riistakast asub Murali platvormil.<\/p>\n<p dir=\"ltr\">Muralist leiate <a href=\"https:\/\/app.mural.co\/template\/a5e5337e-160a-4bf8-bd70-964dbad6c41a\/eff6a1f8-dc3b-473d-b9f4-6bd6f4a4dd45\" target=\"_blank\" rel=\"noopener\"><strong>Eesti keelse t\u00f6\u00f6riistakasti<\/strong>.<\/a><\/p>\n<p dir=\"ltr\">Palun lugege juhendeid:<\/p>\n<\/div>\n<ul>\n<li>\n        <a href=\"https:\/\/sedihub.eu\/toolbox-guide\/et\/SeDiHub_Explotation_guide_Business%20et.pdf\">ettev\u00f5tted<\/a>\n    <\/li>\n<li>\n        <a href=\"https:\/\/sedihub.eu\/toolbox-guide\/et\/SeDiHub_Explotation_guide_VET%20et.pdf\">VET<\/a>\n    <\/li>\n<li>\n        <a href=\"https:\/\/sedihub.eu\/toolbox-guide\/et\/SeDiHub_Expotation_guide_Consultants%20et.pdf\">konsultandid<\/a>\n    <\/li>\n<\/ul>\n<p><!--more--><br \/>\n<!-- {\"type\":\"layout\",\"children\":[{\"type\":\"section\",\"props\":{\"style\":\"default\",\"width\":\"default\",\"vertical_align\":\"\",\"title_position\":\"top-left\",\"title_rotation\":\"left\",\"title_breakpoint\":\"xl\",\"image_position\":\"center-center\",\"padding_remove_top\":true,\"height\":\"section\"},\"children\":[{\"type\":\"row\",\"children\":[{\"type\":\"column\",\"props\":{\"position_sticky_breakpoint\":\"m\",\"image_position\":\"center-center\",\"media_overlay_gradient\":\"\"},\"children\":[{\"type\":\"headline\",\"props\":{\"title_element\":\"h1\"},\"source\":{\"query\":{\"name\":\"pages.singlePage\"},\"props\":{\"content\":{\"filters\":{\"search\":\"\"},\"name\":\"title\"}}}}]}]},{\"type\":\"row\",\"children\":[{\"type\":\"column\",\"props\":{\"position_sticky_breakpoint\":\"m\",\"image_position\":\"center-center\",\"media_overlay_gradient\":\"\",\"width_medium\":\"1-3\"},\"children\":[{\"type\":\"image\",\"props\":{\"margin\":\"default\",\"image_svg_color\":\"emphasis\",\"visibility\":\"l\",\"image\":\"wp-content\\\/uploads\\\/2022\\\/04\\\/About-sedihub-07.svg\",\"image_alt\":\"Aims & Objectives\"}}]},{\"type\":\"column\",\"props\":{\"position_sticky_breakpoint\":\"m\",\"image_position\":\"center-center\",\"media_overlay_gradient\":\"\",\"width_medium\":\"2-3\"},\"children\":[{\"type\":\"text\",\"props\":{\"margin\":\"default\",\"column_breakpoint\":\"m\",\"content\":\"\n\n<p dir=\\\"ltr\\\">Siit leiate SeDiHUB projektis kokku pandud teenuste kujundamise t\\u00f6\\u00f6riistade komplekti. T\\u00f6\\u00f6riistad valiti ja kohandati nii, et saaksite samm-sammult arendada uut v\\u00f5i t\\u00e4iustada olemasolevat toodet\\\/teenust. T\\u00f6\\u00f6riistakast asub Murali platvormil.<\\\/p>\\n\n\n<p dir=\\\"ltr\\\">Muralist leiate <a href=\\\"https:\\\/\\\/app.mural.co\\\/template\\\/a5e5337e-160a-4bf8-bd70-964dbad6c41a\\\/eff6a1f8-dc3b-473d-b9f4-6bd6f4a4dd45\\\" target=\\\"_blank\\\" rel=\\\"noopener\\\"><strong>Eesti keelse t\\u00f6\\u00f6riistakasti<\\\/strong>.<\\\/a><\\\/p>\\n\n\n<p dir=\\\"ltr\\\">Palun lugege juhendeid:<\\\/p>\"}},{\"type\":\"button\",\"props\":{\"grid_column_gap\":\"small\",\"grid_row_gap\":\"small\",\"margin\":\"default\",\"css\":\".el-content {\\n\\tmin-width: 130px;\\n}\"},\"children\":[{\"type\":\"button_item\",\"props\":{\"button_style\":\"primary\",\"icon_align\":\"left\",\"link_target\":\"blank\",\"content\":\"ettev\\u00f5tted\",\"link\":\"https:\\\/\\\/sedihub.eu\\\/toolbox-guide\\\/et\\\/SeDiHub_Explotation_guide_Business%20et.pdf\"}},{\"type\":\"button_item\",\"props\":{\"button_style\":\"primary\",\"icon_align\":\"left\",\"link_target\":\"blank\",\"content\":\"VET\",\"link\":\"https:\\\/\\\/sedihub.eu\\\/toolbox-guide\\\/et\\\/SeDiHub_Explotation_guide_VET%20et.pdf\"}},{\"type\":\"button_item\",\"props\":{\"button_style\":\"primary\",\"icon_align\":\"left\",\"link_target\":\"blank\",\"content\":\"konsultandid\",\"link\":\"https:\\\/\\\/sedihub.eu\\\/toolbox-guide\\\/et\\\/SeDiHub_Expotation_guide_Consultants%20et.pdf\"}}]}]}],\"props\":{\"layout\":\"1-3,2-3\"}}],\"name\":\"Aims & Objectives\"}],\"version\":\"2.7.22\"} --><\/p>\n","protected":false},"excerpt":{"rendered":"<p>Siit leiate SeDiHUB projektis kokku pandud teenuste kujundamise t\u00f6\u00f6riistade komplekti. T\u00f6\u00f6riistad valiti ja kohandati nii, et saaksite samm-sammult arendada uut v\u00f5i t\u00e4iustada olemasolevat toodet\/teenust. T\u00f6\u00f6riistakast..<\/p>\n","protected":false},"author":1,"featured_media":0,"parent":0,"menu_order":0,"comment_status":"closed","ping_status":"closed","template":"","meta":{"inline_featured_image":false,"footnotes":""},"class_list":["post-906","page","type-page","status-publish","hentry"],"_links":{"self":[{"href":"https:\/\/sedihub.eu\/et\/wp-json\/wp\/v2\/pages\/906","targetHints":{"allow":["GET"]}}],"collection":[{"href":"https:\/\/sedihub.eu\/et\/wp-json\/wp\/v2\/pages"}],"about":[{"href":"https:\/\/sedihub.eu\/et\/wp-json\/wp\/v2\/types\/page"}],"author":[{"embeddable":true,"href":"https:\/\/sedihub.eu\/et\/wp-json\/wp\/v2\/users\/1"}],"replies":[{"embeddable":true,"href":"https:\/\/sedihub.eu\/et\/wp-json\/wp\/v2\/comments?post=906"}],"version-history":[{"count":2,"href":"https:\/\/sedihub.eu\/et\/wp-json\/wp\/v2\/pages\/906\/revisions"}],"predecessor-version":[{"id":924,"href":"https:\/\/sedihub.eu\/et\/wp-json\/wp\/v2\/pages\/906\/revisions\/924"}],"wp:attachment":[{"href":"https:\/\/sedihub.eu\/et\/wp-json\/wp\/v2\/media?parent=906"}],"curies":[{"name":"wp","href":"https:\/\/api.w.org\/{rel}","templated":true}]}}