{"id":710,"date":"2022-02-24T14:11:37","date_gmt":"2022-02-24T14:11:37","guid":{"rendered":"https:\/\/sedihub.eu\/elearning\/"},"modified":"2023-08-17T11:48:27","modified_gmt":"2023-08-17T11:48:27","slug":"elearning","status":"publish","type":"page","link":"https:\/\/sedihub.eu\/fi\/elearning\/","title":{"rendered":"E-oppimisalusta"},"content":{"rendered":"<h1>E-oppimisalusta<\/h1>\n<div>\n<p>        <img decoding=\"async\" src=\"\/wp-content\/uploads\/2022\/04\/e-learning_gfx.svg\" alt=\"e-learning\"><\/p>\n<div>\n<p>SeDiHUB pyrkii kehitt\u00e4m\u00e4\u00e4n mikro- ja perheyrityksi\u00e4 k\u00e4ytt\u00e4m\u00e4\u00e4n SD:t\u00e4 kest\u00e4vien ja digitalisoitujen palvelujen kehitt\u00e4miseen, ja se on j\u00e4sennelty seuraaviin tavoitteisiin:<\/p>\n<ul>\n<li style=\"font-weight: 400;\" aria-level=\"1\">Lis\u00e4t\u00e4 mikro- ja perheyritysten tietoisuutta kest\u00e4v\u00e4st\u00e4 kehityksest\u00e4 asiakasl\u00e4ht\u00f6isten palveluiden kehitt\u00e4miseksi kest\u00e4v\u00e4ll\u00e4 ja ymp\u00e4rist\u00f6yst\u00e4v\u00e4llisell\u00e4 tavalla digitalisoituneessa taloudessa<\/li>\n<li style=\"font-weight: 400;\" aria-level=\"1\">Antaa tietotaitoja, joita tarvitaan asiakasl\u00e4ht\u00f6isten palvelujen luomiseen itse<\/li>\n<li style=\"font-weight: 400;\" aria-level=\"1\">Tarjota ammatillisen koulutuksen tarjoajille metodologinen l\u00e4hestymistapa uusien ty\u00f6kalujen ja verkko-oppimisresurssien k\u00e4ytt\u00f6\u00f6n SD-opetuksessa, kun ymp\u00e4rist\u00f6kysymykset ja digitalisaatiovaihtoehdot on otettu huomioon<\/li>\n<li style=\"font-weight: 400;\" aria-level=\"1\">Luoda erityisesti mikro- ja perheyrityksille koulutusmateriaali, johon liitet\u00e4\u00e4n tarvittavat ohjeet ja ty\u00f6kalut palvelujen kehitt\u00e4miseen<\/li>\n<li style=\"font-weight: 400;\" aria-level=\"1\">Luoda verkko-oppimisalusta SD-ajattelun kehitt\u00e4miseen mikro- ja perheyritysten keskuudessa<\/li>\n<li style=\"font-weight: 400;\" aria-level=\"1\">Luodaan mikro- ja perheyrityskeskus, jossa sidosryhm\u00e4t voivat oppia soveltamaan SD:t\u00e4, sovittamaan yhteen ja luomaan yhteisi\u00e4 palveluita<\/li>\n<li style=\"font-weight: 400;\" aria-level=\"1\">Lis\u00e4t\u00e4 tietoisuutta liiketoiminnan kehitt\u00e4misen ekosysteemiin osallistuvien poliittisten p\u00e4\u00e4tt\u00e4jien keskuudessa kest\u00e4v\u00e4n kehityksen ajattelun v\u00e4ltt\u00e4m\u00e4tt\u00f6myydest\u00e4 palveluiden, digitaalitalouden ja kest\u00e4v\u00e4n kehityksen lis\u00e4arvon luomisessa<\/li>\n<\/ul>\n<\/div>\n<p><a href=\"https:\/\/elearning.sedihub.eu\/\">Vieraile alustalla<\/a><\/p>\n<\/div>\n<p><!--more--><br \/>\n<!-- {\"type\":\"layout\",\"children\":[{\"type\":\"section\",\"props\":{\"style\":\"default\",\"width\":\"default\",\"vertical_align\":\"middle\",\"title_position\":\"top-left\",\"title_rotation\":\"left\",\"title_breakpoint\":\"xl\",\"image_position\":\"center-center\",\"padding_remove_top\":true},\"children\":[{\"type\":\"row\",\"children\":[{\"type\":\"column\",\"props\":{\"position_sticky_breakpoint\":\"m\",\"image_position\":\"center-center\",\"media_overlay_gradient\":\"\"},\"children\":[{\"type\":\"headline\",\"props\":{\"title_element\":\"h1\",\"content\":\"E-oppimisalusta\",\"title_color\":\"success\"}},{\"type\":\"panel\",\"props\":{\"link_text\":\"Vieraile alustalla\",\"title_hover_style\":\"reset\",\"title_element\":\"h3\",\"title_align\":\"top\",\"title_grid_width\":\"1-2\",\"title_grid_breakpoint\":\"m\",\"meta_style\":\"meta\",\"meta_align\":\"below-title\",\"meta_element\":\"div\",\"content_column_breakpoint\":\"m\",\"icon_width\":80,\"image_align\":\"right\",\"image_grid_width\":\"1-3\",\"image_grid_breakpoint\":\"m\",\"image_svg_color\":\"emphasis\",\"link_style\":\"primary\",\"margin\":\"default\",\"title\":\"\",\"content\":\"\n\n<p>SeDiHUB pyrkii kehitt\\u00e4m\\u00e4\\u00e4n mikro- ja perheyrityksi\\u00e4 k\\u00e4ytt\\u00e4m\\u00e4\\u00e4n SD:t\\u00e4 kest\\u00e4vien ja digitalisoitujen palvelujen kehitt\\u00e4miseen, ja se on j\\u00e4sennelty seuraaviin tavoitteisiin:<\\\/p>\\n\n\n<ul>\\n\n\n<li style=\\\"font-weight: 400;\\\" aria-level=\\\"1\\\">Lis\\u00e4t\\u00e4 mikro- ja perheyritysten tietoisuutta kest\\u00e4v\\u00e4st\\u00e4 kehityksest\\u00e4 asiakasl\\u00e4ht\\u00f6isten palveluiden kehitt\\u00e4miseksi kest\\u00e4v\\u00e4ll\\u00e4 ja ymp\\u00e4rist\\u00f6yst\\u00e4v\\u00e4llisell\\u00e4 tavalla digitalisoituneessa taloudessa<\\\/li>\\n\n\n<li style=\\\"font-weight: 400;\\\" aria-level=\\\"1\\\">Antaa tietotaitoja, joita tarvitaan asiakasl\\u00e4ht\\u00f6isten palvelujen luomiseen itse<\\\/li>\\n\n\n<li style=\\\"font-weight: 400;\\\" aria-level=\\\"1\\\">Tarjota ammatillisen koulutuksen tarjoajille metodologinen l\\u00e4hestymistapa uusien ty\\u00f6kalujen ja verkko-oppimisresurssien k\\u00e4ytt\\u00f6\\u00f6n SD-opetuksessa, kun ymp\\u00e4rist\\u00f6kysymykset ja digitalisaatiovaihtoehdot on otettu huomioon<\\\/li>\\n\n\n<li style=\\\"font-weight: 400;\\\" aria-level=\\\"1\\\">Luoda erityisesti mikro- ja perheyrityksille koulutusmateriaali, johon liitet\\u00e4\\u00e4n tarvittavat ohjeet ja ty\\u00f6kalut palvelujen kehitt\\u00e4miseen<\\\/li>\\n\n\n<li style=\\\"font-weight: 400;\\\" aria-level=\\\"1\\\">Luoda verkko-oppimisalusta SD-ajattelun kehitt\\u00e4miseen mikro- ja perheyritysten keskuudessa<\\\/li>\\n\n\n<li style=\\\"font-weight: 400;\\\" aria-level=\\\"1\\\">Luodaan mikro- ja perheyrityskeskus, jossa sidosryhm\\u00e4t voivat oppia soveltamaan SD:t\\u00e4, sovittamaan yhteen ja luomaan yhteisi\\u00e4 palveluita<\\\/li>\\n\n\n<li style=\\\"font-weight: 400;\\\" aria-level=\\\"1\\\">Lis\\u00e4t\\u00e4 tietoisuutta liiketoiminnan kehitt\\u00e4misen ekosysteemiin osallistuvien poliittisten p\\u00e4\\u00e4tt\\u00e4jien keskuudessa kest\\u00e4v\\u00e4n kehityksen ajattelun v\\u00e4ltt\\u00e4m\\u00e4tt\\u00f6myydest\\u00e4 palveluiden, digitaalitalouden ja kest\\u00e4v\\u00e4n kehityksen lis\\u00e4arvon luomisessa<\\\/li>\\n<\\\/ul>\",\"image\":\"wp-content\\\/uploads\\\/2022\\\/04\\\/e-learning_gfx.svg\",\"title_color\":\"success\",\"link\":\"https:\\\/\\\/elearning.sedihub.eu\\\/\",\"image_alt\":\"e-learning\",\"link_target\":true},\"name\":\"left-image-panel\"}]}]}]}],\"version\":\"2.7.22\"} --><\/p>\n","protected":false},"excerpt":{"rendered":"<p>E-oppimisalusta SeDiHUB pyrkii kehitt\u00e4m\u00e4\u00e4n mikro- ja perheyrityksi\u00e4 k\u00e4ytt\u00e4m\u00e4\u00e4n SD:t\u00e4 kest\u00e4vien ja digitalisoitujen palvelujen kehitt\u00e4miseen, ja se on j\u00e4sennelty seuraaviin tavoitteisiin: Lis\u00e4t\u00e4 mikro- ja perheyritysten tietoisuutta..<\/p>\n","protected":false},"author":1,"featured_media":0,"parent":0,"menu_order":0,"comment_status":"closed","ping_status":"closed","template":"","meta":{"inline_featured_image":false,"footnotes":""},"class_list":["post-710","page","type-page","status-publish","hentry"],"_links":{"self":[{"href":"https:\/\/sedihub.eu\/fi\/wp-json\/wp\/v2\/pages\/710","targetHints":{"allow":["GET"]}}],"collection":[{"href":"https:\/\/sedihub.eu\/fi\/wp-json\/wp\/v2\/pages"}],"about":[{"href":"https:\/\/sedihub.eu\/fi\/wp-json\/wp\/v2\/types\/page"}],"author":[{"embeddable":true,"href":"https:\/\/sedihub.eu\/fi\/wp-json\/wp\/v2\/users\/1"}],"replies":[{"embeddable":true,"href":"https:\/\/sedihub.eu\/fi\/wp-json\/wp\/v2\/comments?post=710"}],"version-history":[{"count":3,"href":"https:\/\/sedihub.eu\/fi\/wp-json\/wp\/v2\/pages\/710\/revisions"}],"predecessor-version":[{"id":854,"href":"https:\/\/sedihub.eu\/fi\/wp-json\/wp\/v2\/pages\/710\/revisions\/854"}],"wp:attachment":[{"href":"https:\/\/sedihub.eu\/fi\/wp-json\/wp\/v2\/media?parent=710"}],"curies":[{"name":"wp","href":"https:\/\/api.w.org\/{rel}","templated":true}]}}