{"id":715,"date":"2022-02-24T14:11:37","date_gmt":"2022-02-24T14:11:37","guid":{"rendered":"https:\/\/sedihub.eu\/home\/"},"modified":"2023-08-17T11:51:46","modified_gmt":"2023-08-17T11:51:46","slug":"home","status":"publish","type":"page","link":"https:\/\/sedihub.eu\/fi\/","title":{"rendered":"Koti"},"content":{"rendered":"<h1>Eurooppalaisen mikro- ja perheyrityspalvelusuunnittelukeskuksen perustaminen kest\u00e4v\u00e4n digitalisoituneen talouden edist\u00e4miseksi<\/h1>\n<p><img decoding=\"async\" src=\"\/wp-content\/uploads\/2022\/04\/intro-image-sedihub-07.svg\" alt=\"\"><\/p>\n<p>\n    <a href=\"\/fi\/about\">Lue lis\u00e4\u00e4<\/a>\n<\/p>\n<div>\n<p>        <img decoding=\"async\" src=\"\/wp-content\/uploads\/2022\/04\/e-learning_gfx.svg\" alt=\"e-learning\"><\/p>\n<h3>E-oppimisalusta<\/h3>\n<div>\n<p>SeDiHUB-koulutusmateriaali suunnitellaan erityisesti vastaamaan rakenteensa ja sis\u00e4lt\u00f6ns\u00e4 kautta mikro- ja perheyritysten tunnistettuihin tarpeisiin ja opiskelutyyliin kehitt\u00e4\u00e4kseen heid\u00e4n persoonaansa ja toiminta-alueitaan kest\u00e4v\u00e4\u00e4 liiketoimintaa ja ymp\u00e4rist\u00f6yst\u00e4v\u00e4llisi\u00e4 palveluita. Koulutusmateriaali perustuu et\u00e4opiskelun, verkko-oppimisen ja palvelusuunnittelun teorioiden periaatteisiin. Se jaetaan muistiinpanoihin, videoihin, tapaustutkimuksiin, simulaatioskenaarioihin, hyviin k\u00e4yt\u00e4nt\u00f6ihin ja varastoon. Koulutusmateriaalissa k\u00e4sitell\u00e4\u00e4n seuraavia teemoja: ilmastonmuutokseen liittyv\u00e4 taloustiede ja liiketoimintaetiikka, kest\u00e4v\u00e4 kehitys, kest\u00e4v\u00e4t liiketoimintamallit, palvelusuunnittelun teoria ja periaatteet, palvelusuunnittelun menetelm\u00e4t (persoonat, asiakasmatkakartat, palvelusuunnitelmat, kuvak\u00e4sikirjoitukset, skenaariot, sidosryhmien kartoitus) ja digitaalinen muutos.<\/p>\n<\/div>\n<p><a href=\"https:\/\/elearning.sedihub.eu\/\">Vieraile alustalla<\/a><\/p>\n<\/div>\n<h2><span style=\"font-weight: 400;\">Uutiset<\/span><\/h2>\n<div>\n<\/div>\n<p>\n    <a href=\"\/fi\/category\/news-fi\/\">Katso kaikki uutiset<\/a>\n<\/p>\n<p><!--more--><br \/>\n<!-- {\"type\":\"layout\",\"children\":[{\"type\":\"section\",\"props\":{\"style\":\"default\",\"width\":\"default\",\"vertical_align\":\"middle\",\"title_position\":\"top-left\",\"title_rotation\":\"left\",\"title_breakpoint\":\"xl\",\"image_position\":\"center-center\"},\"children\":[{\"type\":\"row\",\"children\":[{\"type\":\"column\",\"props\":{\"position_sticky_breakpoint\":\"m\",\"image_position\":\"center-center\",\"media_overlay_gradient\":\"\",\"width_medium\":\"\"},\"children\":[{\"type\":\"headline\",\"props\":{\"title_element\":\"h1\",\"title_color\":\"success\",\"content\":\"Eurooppalaisen mikro- ja perheyrityspalvelusuunnittelukeskuksen perustaminen kest\\u00e4v\\u00e4n digitalisoituneen talouden edist\\u00e4miseksi\",\"title_style\":\"h3\",\"text_align\":\"center\"}},{\"type\":\"image\",\"props\":{\"margin\":\"default\",\"image_svg_color\":\"emphasis\",\"image\":\"wp-content\\\/uploads\\\/2022\\\/04\\\/intro-image-sedihub-07.svg\",\"text_align\":\"center\"}},{\"type\":\"button\",\"props\":{\"grid_column_gap\":\"small\",\"grid_row_gap\":\"small\",\"margin\":\"default\",\"text_align\":\"center\"},\"children\":[{\"type\":\"button_item\",\"props\":{\"button_style\":\"primary\",\"icon_align\":\"left\",\"content\":\"[readmore_text]\",\"link\":\"\\\/fi\\\/about\"}}]}]}]}]},{\"type\":\"section\",\"props\":{\"style\":\"default\",\"width\":\"default\",\"vertical_align\":\"middle\",\"title_position\":\"top-left\",\"title_rotation\":\"left\",\"title_breakpoint\":\"xl\",\"image_position\":\"center-center\",\"padding\":\"small\"},\"children\":[{\"type\":\"row\",\"children\":[{\"type\":\"column\",\"props\":{\"position_sticky_breakpoint\":\"m\",\"image_position\":\"center-center\",\"media_overlay_gradient\":\"\"},\"children\":[{\"type\":\"panel\",\"props\":{\"link_text\":\"Vieraile alustalla\",\"title_hover_style\":\"reset\",\"title_element\":\"h3\",\"title_align\":\"top\",\"title_grid_width\":\"1-2\",\"title_grid_breakpoint\":\"m\",\"meta_style\":\"meta\",\"meta_align\":\"below-title\",\"meta_element\":\"div\",\"content_column_breakpoint\":\"m\",\"icon_width\":80,\"image_align\":\"left\",\"image_grid_width\":\"1-3\",\"image_grid_breakpoint\":\"m\",\"image_svg_color\":\"emphasis\",\"link_style\":\"primary\",\"margin\":\"default\",\"title\":\"E-oppimisalusta\",\"content\":\"\n\n<p>SeDiHUB-koulutusmateriaali suunnitellaan erityisesti vastaamaan rakenteensa ja sis\\u00e4lt\\u00f6ns\\u00e4 kautta mikro- ja perheyritysten tunnistettuihin tarpeisiin ja opiskelutyyliin kehitt\\u00e4\\u00e4kseen heid\\u00e4n persoonaansa ja toiminta-alueitaan kest\\u00e4v\\u00e4\\u00e4 liiketoimintaa ja ymp\\u00e4rist\\u00f6yst\\u00e4v\\u00e4llisi\\u00e4 palveluita. Koulutusmateriaali perustuu et\\u00e4opiskelun, verkko-oppimisen ja palvelusuunnittelun teorioiden periaatteisiin. Se jaetaan muistiinpanoihin, videoihin, tapaustutkimuksiin, simulaatioskenaarioihin, hyviin k\\u00e4yt\\u00e4nt\\u00f6ihin ja varastoon. Koulutusmateriaalissa k\\u00e4sitell\\u00e4\\u00e4n seuraavia teemoja: ilmastonmuutokseen liittyv\\u00e4 taloustiede ja liiketoimintaetiikka, kest\\u00e4v\\u00e4 kehitys, kest\\u00e4v\\u00e4t liiketoimintamallit, palvelusuunnittelun teoria ja periaatteet, palvelusuunnittelun menetelm\\u00e4t (persoonat, asiakasmatkakartat, palvelusuunnitelmat, kuvak\\u00e4sikirjoitukset, skenaariot, sidosryhmien kartoitus) ja digitaalinen muutos.<\\\/p>\",\"image\":\"wp-content\\\/uploads\\\/2022\\\/04\\\/e-learning_gfx.svg\",\"title_color\":\"success\",\"link\":\"https:\\\/\\\/elearning.sedihub.eu\\\/\",\"image_alt\":\"e-learning\",\"link_target\":true},\"name\":\"left-image-panel\"}]}]}]},{\"type\":\"section\",\"props\":{\"style\":\"muted\",\"width\":\"default\",\"vertical_align\":\"middle\",\"title_position\":\"top-left\",\"title_rotation\":\"left\",\"title_breakpoint\":\"xl\",\"image_position\":\"center-center\",\"padding\":\"small\"},\"children\":[{\"type\":\"row\",\"children\":[{\"type\":\"column\",\"props\":{\"position_sticky_breakpoint\":\"m\",\"image_position\":\"center-center\",\"media_overlay_gradient\":\"\"},\"children\":[{\"type\":\"headline\",\"props\":{\"title_element\":\"h2\",\"title_style\":\"h2\",\"title_color\":\"success\",\"text_align\":\"center\",\"content\":\"<span style=\\\"font-weight: 400;\\\">Uutiset<\\\/span>\"}},{\"type\":\"grid\",\"props\":{\"show_title\":true,\"show_meta\":true,\"show_content\":false,\"show_image\":true,\"show_link\":true,\"grid_default\":\"1\",\"grid_medium\":\"3\",\"filter_style\":\"tab\",\"filter_all\":true,\"filter_position\":\"top\",\"filter_align\":\"left\",\"filter_grid_width\":\"auto\",\"filter_grid_breakpoint\":\"m\",\"title_hover_style\":\"reset\",\"title_element\":\"h3\",\"title_align\":\"top\",\"title_grid_width\":\"1-2\",\"title_grid_breakpoint\":\"m\",\"meta_style\":\"meta\",\"meta_align\":\"below-title\",\"meta_element\":\"div\",\"content_column_breakpoint\":\"m\",\"icon_width\":80,\"image_align\":\"top\",\"image_grid_width\":\"1-2\",\"image_grid_breakpoint\":\"m\",\"image_svg_color\":\"emphasis\",\"link_text\":\"\",\"link_style\":\"secondary\",\"margin\":\"default\",\"item_animation\":true,\"panel_style\":\"card-default\",\"class\":\"news-grid\",\"panel_link\":true,\"panel_padding\":\"small\",\"title_color\":\"success\",\"title_style\":\"h4\"},\"children\":[{\"type\":\"grid_item\",\"props\":{\"link_text\":\"\"},\"source\":{\"query\":{\"name\":\"posts.customPosts\",\"arguments\":{\"terms\":[10],\"category_operator\":\"IN\",\"post_tag_operator\":\"IN\",\"users\":[],\"users_operator\":\"IN\",\"offset\":0,\"limit\":10,\"order\":\"date\",\"order_direction\":\"DESC\"}},\"props\":{\"title\":{\"filters\":{\"search\":\"\"},\"name\":\"title\"},\"content\":{\"filters\":{\"search\":\"\"},\"name\":\"excerpt\"},\"image\":{\"filters\":{\"search\":\"\"},\"name\":\"featuredImage.url\"},\"link\":{\"filters\":{\"search\":\"\"},\"name\":\"link\"}}}}]},{\"type\":\"button\",\"props\":{\"grid_column_gap\":\"small\",\"grid_row_gap\":\"small\",\"margin\":\"default\",\"text_align\":\"center\"},\"children\":[{\"type\":\"button_item\",\"props\":{\"button_style\":\"primary\",\"icon_align\":\"left\",\"content\":\"Katso kaikki uutiset\",\"link\":\"\\\/fi\\\/category\\\/news-fi\\\/\"}}]}]}]}]}],\"version\":\"2.7.22\"} --><\/p>\n","protected":false},"excerpt":{"rendered":"<p>Eurooppalaisen mikro- ja perheyrityspalvelusuunnittelukeskuksen perustaminen kest\u00e4v\u00e4n digitalisoituneen talouden edist\u00e4miseksi E-oppimisalusta SeDiHUB-koulutusmateriaali suunnitellaan erityisesti vastaamaan rakenteensa ja sis\u00e4lt\u00f6ns\u00e4 kautta mikro- ja perheyritysten tunnistettuihin tarpeisiin ja opiskelutyyliin..<\/p>\n","protected":false},"author":1,"featured_media":0,"parent":0,"menu_order":0,"comment_status":"closed","ping_status":"closed","template":"","meta":{"inline_featured_image":false,"footnotes":""},"class_list":["post-715","page","type-page","status-publish","hentry"],"_links":{"self":[{"href":"https:\/\/sedihub.eu\/fi\/wp-json\/wp\/v2\/pages\/715","targetHints":{"allow":["GET"]}}],"collection":[{"href":"https:\/\/sedihub.eu\/fi\/wp-json\/wp\/v2\/pages"}],"about":[{"href":"https:\/\/sedihub.eu\/fi\/wp-json\/wp\/v2\/types\/page"}],"author":[{"embeddable":true,"href":"https:\/\/sedihub.eu\/fi\/wp-json\/wp\/v2\/users\/1"}],"replies":[{"embeddable":true,"href":"https:\/\/sedihub.eu\/fi\/wp-json\/wp\/v2\/comments?post=715"}],"version-history":[{"count":9,"href":"https:\/\/sedihub.eu\/fi\/wp-json\/wp\/v2\/pages\/715\/revisions"}],"predecessor-version":[{"id":860,"href":"https:\/\/sedihub.eu\/fi\/wp-json\/wp\/v2\/pages\/715\/revisions\/860"}],"wp:attachment":[{"href":"https:\/\/sedihub.eu\/fi\/wp-json\/wp\/v2\/media?parent=715"}],"curies":[{"name":"wp","href":"https:\/\/api.w.org\/{rel}","templated":true}]}}