{"id":719,"date":"2022-02-24T14:11:38","date_gmt":"2022-02-24T14:11:38","guid":{"rendered":"https:\/\/sedihub.eu\/resources\/"},"modified":"2023-08-17T11:46:43","modified_gmt":"2023-08-17T11:46:43","slug":"resources","status":"publish","type":"page","link":"https:\/\/sedihub.eu\/fi\/resources\/","title":{"rendered":"Tulokset"},"content":{"rendered":"<div>\n<p>        <img decoding=\"async\" src=\"\/wp-content\/uploads\/2022\/04\/About-sedihub-07.svg\" alt=\"Aims &#038; Objectives\"><\/p>\n<h3>Projektin tulokset<\/h3>\n<div>\n<ol>\n<li>SeDiHUBin koulutusl\u00e4hestymistapa ja modulaarinen opetussuunnitelma, joka sis\u00e4lt\u00e4\u00e4 koulutusmetodologian ja j\u00e4lkiarvioinnin, joka auttaa parantamaan pien- ja perheyritysten osaamista ymp\u00e4rist\u00f6palveluiden kehitt\u00e4misess\u00e4, kest\u00e4v\u00e4n yritt\u00e4jyyden kest\u00e4v\u00e4ss\u00e4 kehityksess\u00e4 ja digitaalisen talouden k\u00e4yt\u00f6ss\u00e4.\n<\/li>\n<li>SeDiHUBin koulutusmateriaalit on rakenteeltaan ja sis\u00e4ll\u00f6lt\u00e4\u00e4n tiukasti suunniteltu huomioimaan pien- ja perheyritysten tarpeet, kehitt\u00e4m\u00e4\u00e4n kest\u00e4v\u00e4\u00e4 ja ymp\u00e4rist\u00f6yst\u00e4v\u00e4llist\u00e4 palvelua, joka liittyy erityisesti heid\u00e4n henkil\u00f6st\u00f6\u00f6n ja toiminta-alaan. Koulutusmateriaali palvelee et\u00e4opiskelun periaatteita, verkko- ja itsen\u00e4ist\u00e4 oppimista sek\u00e4 palvelusuunnittelun teorioita.\n<\/li>\n<li>SeDiHUBin verkkoalusta, sertifioitu verkko-oppimisalusta pienille ja perheyrityksille koulutusmateriaalien toimittamiseen, ja upeat n\u00e4kemykset palvelun suunnitteluprosessista ja ty\u00f6kaluista. Se on rikastettu ty\u00f6kalupakkilla verkkopohjaiseen palvelusuunnitteluun, mukaan lukien pelilliset resurssit.\n<\/li>\n<li>SeDiHUB-ty\u00f6kalujen k\u00e4ytt\u00f6opas, jonka aikana laaditaan kattava opas pien- ja perheyrityskeskuksen luomiseen ja SeDiHUB-alan jatkok\u00e4ytt\u00f6\u00f6n niin ammatilliseen koulutukseen kuin koulutusta, tukea, konsulipalveluita jne. tarjoavien keskuudessa. pienille ja perheyrityksille.<\/li>\n<\/ol>\n<\/div>\n<\/div>\n<h3>lataukset<\/h3>\n<div>\n<h3>Sedihub koottu raportti<\/h3>\n<div>\n<p>Tulos 1 SeDiHUB-koulutusl\u00e4hestymistapa ja opetussuunnitelma \u2013 Eurooppalaisen mikro- ja perheyrityspalvelusuunnittelukeskuksen perustaminen kest\u00e4v\u00e4n digitalisoidun talouden edist\u00e4miseksi<\/p>\n<\/div>\n<p><a href=\"\/wp-content\/uploads\/2022\/11\/SeDiHUB_R1_Compiled-Report.pdf\">Lis\u00e4tietoa<\/a><\/p>\n<\/div>\n<p><!--more--><br \/>\n<!-- {\"type\":\"layout\",\"children\":[{\"type\":\"section\",\"props\":{\"style\":\"default\",\"width\":\"default\",\"vertical_align\":\"middle\",\"title_position\":\"top-left\",\"title_rotation\":\"left\",\"title_breakpoint\":\"xl\",\"image_position\":\"center-center\"},\"children\":[{\"type\":\"row\",\"children\":[{\"type\":\"column\",\"props\":{\"position_sticky_breakpoint\":\"m\",\"image_position\":\"center-center\",\"media_overlay_gradient\":\"\"},\"children\":[{\"type\":\"panel\",\"props\":{\"link_text\":\"Read more\",\"title_hover_style\":\"reset\",\"title_element\":\"h3\",\"title_align\":\"top\",\"title_grid_width\":\"1-2\",\"title_grid_breakpoint\":\"m\",\"meta_style\":\"meta\",\"meta_align\":\"below-title\",\"meta_element\":\"div\",\"content_column_breakpoint\":\"m\",\"icon_width\":80,\"image_align\":\"right\",\"image_grid_width\":\"1-3\",\"image_grid_breakpoint\":\"m\",\"image_svg_color\":\"emphasis\",\"link_style\":\"primary\",\"margin\":\"default\",\"title\":\"Projektin tulokset\",\"content\":\"\n\n<ol>\\n\n\n<li>SeDiHUBin koulutusl\\u00e4hestymistapa ja modulaarinen opetussuunnitelma, joka sis\\u00e4lt\\u00e4\\u00e4 koulutusmetodologian ja j\\u00e4lkiarvioinnin, joka auttaa parantamaan pien- ja perheyritysten osaamista ymp\\u00e4rist\\u00f6palveluiden kehitt\\u00e4misess\\u00e4, kest\\u00e4v\\u00e4n yritt\\u00e4jyyden kest\\u00e4v\\u00e4ss\\u00e4 kehityksess\\u00e4 ja digitaalisen talouden k\\u00e4yt\\u00f6ss\\u00e4.<br \\\/><br \\\/><\\\/li>\\n\n\n<li>SeDiHUBin koulutusmateriaalit on rakenteeltaan ja sis\\u00e4ll\\u00f6lt\\u00e4\\u00e4n tiukasti suunniteltu huomioimaan pien- ja perheyritysten tarpeet, kehitt\\u00e4m\\u00e4\\u00e4n kest\\u00e4v\\u00e4\\u00e4 ja ymp\\u00e4rist\\u00f6yst\\u00e4v\\u00e4llist\\u00e4 palvelua, joka liittyy erityisesti heid\\u00e4n henkil\\u00f6st\\u00f6\\u00f6n ja toiminta-alaan. Koulutusmateriaali palvelee et\\u00e4opiskelun periaatteita, verkko- ja itsen\\u00e4ist\\u00e4 oppimista sek\\u00e4 palvelusuunnittelun teorioita.<br \\\/><br \\\/><\\\/li>\\n\n\n<li>SeDiHUBin verkkoalusta, sertifioitu verkko-oppimisalusta pienille ja perheyrityksille koulutusmateriaalien toimittamiseen, ja upeat n\\u00e4kemykset palvelun suunnitteluprosessista ja ty\\u00f6kaluista. Se on rikastettu ty\\u00f6kalupakkilla verkkopohjaiseen palvelusuunnitteluun, mukaan lukien pelilliset resurssit.<br \\\/><br \\\/><\\\/li>\\n\n\n<li>SeDiHUB-ty\\u00f6kalujen k\\u00e4ytt\\u00f6opas, jonka aikana laaditaan kattava opas pien- ja perheyrityskeskuksen luomiseen ja SeDiHUB-alan jatkok\\u00e4ytt\\u00f6\\u00f6n niin ammatilliseen koulutukseen kuin koulutusta, tukea, konsulipalveluita jne. tarjoavien keskuudessa. pienille ja perheyrityksille.<\\\/li>\\n<\\\/ol>\",\"image\":\"wp-content\\\/uploads\\\/2022\\\/04\\\/About-sedihub-07.svg\",\"title_color\":\"warning\",\"link\":\"\",\"image_alt\":\"Aims & Objectives\"},\"name\":\"left-image-panel\"}]}]},{\"type\":\"row\",\"children\":[{\"type\":\"column\",\"props\":{\"position_sticky_breakpoint\":\"m\",\"image_position\":\"center-center\",\"media_overlay_gradient\":\"\"},\"children\":[{\"type\":\"headline\",\"props\":{\"title_element\":\"h3\",\"content\":\"lataukset\",\"title_color\":\"warning\"}},{\"type\":\"panel\",\"props\":{\"link_text\":\"Lis\\u00e4tietoa\",\"title_hover_style\":\"reset\",\"title_element\":\"h3\",\"title_align\":\"top\",\"title_grid_width\":\"1-2\",\"title_grid_breakpoint\":\"m\",\"meta_style\":\"meta\",\"meta_align\":\"below-title\",\"meta_element\":\"div\",\"content_column_breakpoint\":\"m\",\"icon_width\":\"30\",\"image_align\":\"left\",\"image_grid_width\":\"auto\",\"image_grid_breakpoint\":\"m\",\"image_svg_color\":\"emphasis\",\"link_style\":\"primary\",\"margin\":\"default\",\"panel_style\":\"tile-muted\",\"panel_padding\":\"small\",\"title\":\"Sedihub koottu raportti\",\"content\":\"\n\n<p>Tulos 1 SeDiHUB-koulutusl\\u00e4hestymistapa ja opetussuunnitelma \\u2013 Eurooppalaisen mikro- ja perheyrityspalvelusuunnittelukeskuksen perustaminen kest\\u00e4v\\u00e4n digitalisoidun talouden edist\\u00e4miseksi<\\\/p>\",\"icon\":\"download\",\"link\":\"\\\/wp-content\\\/uploads\\\/2022\\\/11\\\/SeDiHUB_R1_Compiled-Report.pdf\",\"link_target\":true,\"icon_color\":\"primary\"}}]}]}],\"name\":\"Aims & Objectives\"},{\"type\":\"section\",\"props\":{\"style\":\"default\",\"width\":\"default\",\"vertical_align\":\"middle\",\"title_position\":\"top-left\",\"title_rotation\":\"left\",\"title_breakpoint\":\"xl\",\"image_position\":\"center-center\"},\"children\":[{\"type\":\"row\",\"children\":[{\"type\":\"column\",\"props\":{\"position_sticky_breakpoint\":\"m\",\"image_position\":\"center-center\",\"media_overlay_gradient\":\"\"},\"children\":[]}]}]}],\"version\":\"2.7.22\"} --><\/p>\n","protected":false},"excerpt":{"rendered":"<p>Projektin tulokset SeDiHUBin koulutusl\u00e4hestymistapa ja modulaarinen opetussuunnitelma, joka sis\u00e4lt\u00e4\u00e4 koulutusmetodologian ja j\u00e4lkiarvioinnin, joka auttaa parantamaan pien- ja perheyritysten osaamista ymp\u00e4rist\u00f6palveluiden kehitt\u00e4misess\u00e4, kest\u00e4v\u00e4n yritt\u00e4jyyden kest\u00e4v\u00e4ss\u00e4 kehityksess\u00e4..<\/p>\n","protected":false},"author":1,"featured_media":0,"parent":0,"menu_order":0,"comment_status":"closed","ping_status":"closed","template":"","meta":{"inline_featured_image":false,"footnotes":""},"class_list":["post-719","page","type-page","status-publish","hentry"],"_links":{"self":[{"href":"https:\/\/sedihub.eu\/fi\/wp-json\/wp\/v2\/pages\/719","targetHints":{"allow":["GET"]}}],"collection":[{"href":"https:\/\/sedihub.eu\/fi\/wp-json\/wp\/v2\/pages"}],"about":[{"href":"https:\/\/sedihub.eu\/fi\/wp-json\/wp\/v2\/types\/page"}],"author":[{"embeddable":true,"href":"https:\/\/sedihub.eu\/fi\/wp-json\/wp\/v2\/users\/1"}],"replies":[{"embeddable":true,"href":"https:\/\/sedihub.eu\/fi\/wp-json\/wp\/v2\/comments?post=719"}],"version-history":[{"count":3,"href":"https:\/\/sedihub.eu\/fi\/wp-json\/wp\/v2\/pages\/719\/revisions"}],"predecessor-version":[{"id":853,"href":"https:\/\/sedihub.eu\/fi\/wp-json\/wp\/v2\/pages\/719\/revisions\/853"}],"wp:attachment":[{"href":"https:\/\/sedihub.eu\/fi\/wp-json\/wp\/v2\/media?parent=719"}],"curies":[{"name":"wp","href":"https:\/\/api.w.org\/{rel}","templated":true}]}}