{"id":907,"date":"2024-07-01T07:41:48","date_gmt":"2024-07-01T07:41:48","guid":{"rendered":"https:\/\/sedihub.eu\/toolbox\/"},"modified":"2024-07-01T08:06:32","modified_gmt":"2024-07-01T08:06:32","slug":"toolbox","status":"publish","type":"page","link":"https:\/\/sedihub.eu\/fi\/toolbox\/","title":{"rendered":"Ty\u00f6kalupakki"},"content":{"rendered":"<p><img decoding=\"async\" src=\"\/wp-content\/uploads\/2022\/04\/About-sedihub-07.svg\" alt=\"Aims &#038; Objectives\"><\/p>\n<div>\n<p dir=\"ltr\">T\u00e4\u00e4lt\u00e4 l\u00f6yd\u00e4t SeDiHUB-projektissa kootut palvelusuunnitteluty\u00f6kalut. Ty\u00f6kalut valitaan ja j\u00e4rjestet\u00e4\u00e4n siten, ett\u00e4 voit kehitt\u00e4\u00e4 uutta tai parantaa olemassa olevaa tuotetta\/palvelua askel askeleelta. Ty\u00f6kalulaatikko sijaitsee Mural-alustalla.<\/p>\n<p dir=\"ltr\">L\u00f6yd\u00e4t Mural-ty\u00f6kalupakin <a href=\"https:\/\/app.mural.co\/template\/07d7bbdc-23bb-43fc-b1d9-a18123ae9b14\/e8d16bdf-f184-459c-9ae9-54ed9f42a69c\" target=\"_blank\" rel=\"noopener\"><strong>suomeksi t\u00e4\u00e4lt\u00e4<\/strong>.<\/a><\/p>\n<p dir=\"ltr\">Ole hyv\u00e4 ja lue oppaat:<\/p>\n<\/div>\n<ul>\n<li>\n        <a href=\"https:\/\/sedihub.eu\/toolbox-guide\/fi\/SeDiHub_Explotation_guide_Business%20(1)%20in%20finnish.pdf\">Liiketoiminta<\/a>\n    <\/li>\n<li>\n        <a href=\"https:\/\/sedihub.eu\/toolbox-guide\/fi\/SeDiHub_Explotation_guide_VET%20(1)%20in%20finnish.pdf\">VET<\/a>\n    <\/li>\n<li>\n        <a href=\"https:\/\/sedihub.eu\/toolbox-guide\/fi\/SeDiHub_Expotation_guide_Consultants%20(1)%20in%20finnish.pdf\">Konsultit<\/a>\n    <\/li>\n<\/ul>\n<p><!--more--><br \/>\n<!-- {\"type\":\"layout\",\"children\":[{\"type\":\"section\",\"props\":{\"style\":\"default\",\"width\":\"default\",\"vertical_align\":\"\",\"title_position\":\"top-left\",\"title_rotation\":\"left\",\"title_breakpoint\":\"xl\",\"image_position\":\"center-center\",\"padding_remove_top\":true,\"height\":\"section\"},\"children\":[{\"type\":\"row\",\"children\":[{\"type\":\"column\",\"props\":{\"position_sticky_breakpoint\":\"m\",\"image_position\":\"center-center\",\"media_overlay_gradient\":\"\"},\"children\":[{\"type\":\"headline\",\"props\":{\"title_element\":\"h1\"},\"source\":{\"query\":{\"name\":\"pages.singlePage\"},\"props\":{\"content\":{\"filters\":{\"search\":\"\"},\"name\":\"title\"}}}}]}]},{\"type\":\"row\",\"children\":[{\"type\":\"column\",\"props\":{\"position_sticky_breakpoint\":\"m\",\"image_position\":\"center-center\",\"media_overlay_gradient\":\"\",\"width_medium\":\"1-3\"},\"children\":[{\"type\":\"image\",\"props\":{\"margin\":\"default\",\"image_svg_color\":\"emphasis\",\"visibility\":\"l\",\"image\":\"wp-content\\\/uploads\\\/2022\\\/04\\\/About-sedihub-07.svg\",\"image_alt\":\"Aims & Objectives\"}}]},{\"type\":\"column\",\"props\":{\"position_sticky_breakpoint\":\"m\",\"image_position\":\"center-center\",\"media_overlay_gradient\":\"\",\"width_medium\":\"2-3\"},\"children\":[{\"type\":\"text\",\"props\":{\"margin\":\"default\",\"column_breakpoint\":\"m\",\"content\":\"\n\n<p dir=\\\"ltr\\\">T\\u00e4\\u00e4lt\\u00e4 l\\u00f6yd\\u00e4t SeDiHUB-projektissa kootut palvelusuunnitteluty\\u00f6kalut. Ty\\u00f6kalut valitaan ja j\\u00e4rjestet\\u00e4\\u00e4n siten, ett\\u00e4 voit kehitt\\u00e4\\u00e4 uutta tai parantaa olemassa olevaa tuotetta\\\/palvelua askel askeleelta. Ty\\u00f6kalulaatikko sijaitsee Mural-alustalla.<\\\/p>\\n\n\n<p dir=\\\"ltr\\\">L\\u00f6yd\\u00e4t Mural-ty\\u00f6kalupakin <a href=\\\"https:\\\/\\\/app.mural.co\\\/template\\\/07d7bbdc-23bb-43fc-b1d9-a18123ae9b14\\\/e8d16bdf-f184-459c-9ae9-54ed9f42a69c\\\" target=\\\"_blank\\\" rel=\\\"noopener\\\"><strong>suomeksi t\\u00e4\\u00e4lt\\u00e4<\\\/strong>.<\\\/a><\\\/p>\\n\n\n<p dir=\\\"ltr\\\">Ole hyv\\u00e4 ja lue oppaat:<\\\/p>\"}},{\"type\":\"button\",\"props\":{\"grid_column_gap\":\"small\",\"grid_row_gap\":\"small\",\"margin\":\"default\",\"css\":\".el-content {\\n\\tmin-width: 130px;\\n}\"},\"children\":[{\"type\":\"button_item\",\"props\":{\"button_style\":\"primary\",\"icon_align\":\"left\",\"link_target\":\"blank\",\"content\":\"Liiketoiminta\",\"link\":\"https:\\\/\\\/sedihub.eu\\\/toolbox-guide\\\/fi\\\/SeDiHub_Explotation_guide_Business%20(1)%20in%20finnish.pdf\"}},{\"type\":\"button_item\",\"props\":{\"button_style\":\"primary\",\"icon_align\":\"left\",\"link_target\":\"blank\",\"content\":\"VET\",\"link\":\"https:\\\/\\\/sedihub.eu\\\/toolbox-guide\\\/fi\\\/SeDiHub_Explotation_guide_VET%20(1)%20in%20finnish.pdf\"}},{\"type\":\"button_item\",\"props\":{\"button_style\":\"primary\",\"icon_align\":\"left\",\"link_target\":\"blank\",\"content\":\"Konsultit\",\"link\":\"https:\\\/\\\/sedihub.eu\\\/toolbox-guide\\\/fi\\\/SeDiHub_Expotation_guide_Consultants%20(1)%20in%20finnish.pdf\"}}]}]}],\"props\":{\"layout\":\"1-3,2-3\"}}],\"name\":\"Aims & Objectives\"}],\"version\":\"2.7.22\"} --><\/p>\n","protected":false},"excerpt":{"rendered":"<p>T\u00e4\u00e4lt\u00e4 l\u00f6yd\u00e4t SeDiHUB-projektissa kootut palvelusuunnitteluty\u00f6kalut. Ty\u00f6kalut valitaan ja j\u00e4rjestet\u00e4\u00e4n siten, ett\u00e4 voit kehitt\u00e4\u00e4 uutta tai parantaa olemassa olevaa tuotetta\/palvelua askel askeleelta. Ty\u00f6kalulaatikko sijaitsee Mural-alustalla. L\u00f6yd\u00e4t..<\/p>\n","protected":false},"author":1,"featured_media":0,"parent":0,"menu_order":0,"comment_status":"closed","ping_status":"closed","template":"","meta":{"inline_featured_image":false,"footnotes":""},"class_list":["post-907","page","type-page","status-publish","hentry"],"_links":{"self":[{"href":"https:\/\/sedihub.eu\/fi\/wp-json\/wp\/v2\/pages\/907","targetHints":{"allow":["GET"]}}],"collection":[{"href":"https:\/\/sedihub.eu\/fi\/wp-json\/wp\/v2\/pages"}],"about":[{"href":"https:\/\/sedihub.eu\/fi\/wp-json\/wp\/v2\/types\/page"}],"author":[{"embeddable":true,"href":"https:\/\/sedihub.eu\/fi\/wp-json\/wp\/v2\/users\/1"}],"replies":[{"embeddable":true,"href":"https:\/\/sedihub.eu\/fi\/wp-json\/wp\/v2\/comments?post=907"}],"version-history":[{"count":2,"href":"https:\/\/sedihub.eu\/fi\/wp-json\/wp\/v2\/pages\/907\/revisions"}],"predecessor-version":[{"id":928,"href":"https:\/\/sedihub.eu\/fi\/wp-json\/wp\/v2\/pages\/907\/revisions\/928"}],"wp:attachment":[{"href":"https:\/\/sedihub.eu\/fi\/wp-json\/wp\/v2\/media?parent=907"}],"curies":[{"name":"wp","href":"https:\/\/api.w.org\/{rel}","templated":true}]}}