{"id":712,"date":"2022-02-24T14:11:37","date_gmt":"2022-02-24T14:11:37","guid":{"rendered":"https:\/\/sedihub.eu\/elearning\/"},"modified":"2023-08-17T12:39:34","modified_gmt":"2023-08-17T12:39:34","slug":"elearning","status":"publish","type":"page","link":"https:\/\/sedihub.eu\/pt-pt\/elearning\/","title":{"rendered":"e-Learning"},"content":{"rendered":"<h1>eLearning<\/h1>\n<div>\n<p>        <img decoding=\"async\" src=\"\/wp-content\/uploads\/2022\/04\/e-learning_gfx.svg\" alt=\"e-learning\"><\/p>\n<div>\n<p>Os materiais formativos do SeDiHUB ser\u00e3o especialmente concebidos para responder, atrav\u00e9s da sua estrutura e conte\u00fado, \u00e0s necessidades das microempresas e empresas familiares, para desenvolverem neg\u00f3cios sustent\u00e1veis e servi\u00e7os amigos do ambiente, orientados para as suas personas e atividades. <br \/>Todo o material formativo ser\u00e1 baseado nos princ\u00edpios do ensino de e-learning e do service design. Ser\u00e1 estruturado em notas, v\u00eddeos, estudos de caso, simula\u00e7\u00e3o de cen\u00e1rios, boas pr\u00e1ticas e um reposit\u00f3rio de informa\u00e7\u00e3o.<br \/>Os temas abrangidos ser\u00e3o os seguintes: \u00e9tica econ\u00f3mica e empresarial relacionada com as altera\u00e7\u00f5es clim\u00e1ticas, sustentabilidade, modelos empresariais sustent\u00e1veis, teoria e princ\u00edpios do service design e metodologias de service design (personas, mapas da jornada do cliente, blueprint de servi\u00e7os, storyboards, cen\u00e1rios, mapeamento de stakeholders) e transforma\u00e7\u00e3o digital.<\/p>\n<\/div>\n<p><a href=\"https:\/\/elearning.sedihub.eu\/\">Visite a plataforma<\/a><\/p>\n<\/div>\n<p><!--more--><br \/>\n<!-- {\"type\":\"layout\",\"children\":[{\"type\":\"section\",\"props\":{\"style\":\"default\",\"width\":\"default\",\"vertical_align\":\"middle\",\"title_position\":\"top-left\",\"title_rotation\":\"left\",\"title_breakpoint\":\"xl\",\"image_position\":\"center-center\",\"padding_remove_top\":true},\"children\":[{\"type\":\"row\",\"children\":[{\"type\":\"column\",\"props\":{\"position_sticky_breakpoint\":\"m\",\"image_position\":\"center-center\",\"media_overlay_gradient\":\"\"},\"children\":[{\"type\":\"headline\",\"props\":{\"title_element\":\"h1\",\"content\":\"eLearning\",\"title_color\":\"success\"}},{\"type\":\"panel\",\"props\":{\"link_text\":\"Visite a plataforma\",\"title_hover_style\":\"reset\",\"title_element\":\"h3\",\"title_align\":\"top\",\"title_grid_width\":\"1-2\",\"title_grid_breakpoint\":\"m\",\"meta_style\":\"meta\",\"meta_align\":\"below-title\",\"meta_element\":\"div\",\"content_column_breakpoint\":\"m\",\"icon_width\":80,\"image_align\":\"right\",\"image_grid_width\":\"1-3\",\"image_grid_breakpoint\":\"m\",\"image_svg_color\":\"emphasis\",\"link_style\":\"primary\",\"margin\":\"default\",\"title\":\"\",\"content\":\"\n\n<p>Os materiais formativos do SeDiHUB ser\\u00e3o especialmente concebidos para responder, atrav\\u00e9s da sua estrutura e conte\\u00fado, \\u00e0s necessidades das microempresas e empresas familiares, para desenvolverem neg\\u00f3cios sustent\\u00e1veis e servi\\u00e7os amigos do ambiente, orientados para as suas personas e atividades. <br \\\/>Todo o material formativo ser\\u00e1 baseado nos princ\\u00edpios do ensino de e-learning e do service design. Ser\\u00e1 estruturado em notas, v\\u00eddeos, estudos de caso, simula\\u00e7\\u00e3o de cen\\u00e1rios, boas pr\\u00e1ticas e um reposit\\u00f3rio de informa\\u00e7\\u00e3o.<br \\\/>Os temas abrangidos ser\\u00e3o os seguintes: \\u00e9tica econ\\u00f3mica e empresarial relacionada com as altera\\u00e7\\u00f5es clim\\u00e1ticas, sustentabilidade, modelos empresariais sustent\\u00e1veis, teoria e princ\\u00edpios do service design e metodologias de service design (personas, mapas da jornada do cliente, blueprint de servi\\u00e7os, storyboards, cen\\u00e1rios, mapeamento de stakeholders) e transforma\\u00e7\\u00e3o digital.<\\\/p>\",\"image\":\"wp-content\\\/uploads\\\/2022\\\/04\\\/e-learning_gfx.svg\",\"title_color\":\"success\",\"link\":\"https:\\\/\\\/elearning.sedihub.eu\\\/\",\"image_alt\":\"e-learning\",\"link_target\":true},\"name\":\"left-image-panel\"}]}]}]}],\"version\":\"2.7.22\"} --><\/p>\n","protected":false},"excerpt":{"rendered":"<p>eLearning Os materiais formativos do SeDiHUB ser\u00e3o especialmente concebidos para responder, atrav\u00e9s da sua estrutura e conte\u00fado, \u00e0s necessidades das microempresas e empresas familiares, para..<\/p>\n","protected":false},"author":1,"featured_media":0,"parent":0,"menu_order":0,"comment_status":"closed","ping_status":"closed","template":"","meta":{"inline_featured_image":false,"footnotes":""},"class_list":["post-712","page","type-page","status-publish","hentry"],"_links":{"self":[{"href":"https:\/\/sedihub.eu\/pt-pt\/wp-json\/wp\/v2\/pages\/712","targetHints":{"allow":["GET"]}}],"collection":[{"href":"https:\/\/sedihub.eu\/pt-pt\/wp-json\/wp\/v2\/pages"}],"about":[{"href":"https:\/\/sedihub.eu\/pt-pt\/wp-json\/wp\/v2\/types\/page"}],"author":[{"embeddable":true,"href":"https:\/\/sedihub.eu\/pt-pt\/wp-json\/wp\/v2\/users\/1"}],"replies":[{"embeddable":true,"href":"https:\/\/sedihub.eu\/pt-pt\/wp-json\/wp\/v2\/comments?post=712"}],"version-history":[{"count":2,"href":"https:\/\/sedihub.eu\/pt-pt\/wp-json\/wp\/v2\/pages\/712\/revisions"}],"predecessor-version":[{"id":876,"href":"https:\/\/sedihub.eu\/pt-pt\/wp-json\/wp\/v2\/pages\/712\/revisions\/876"}],"wp:attachment":[{"href":"https:\/\/sedihub.eu\/pt-pt\/wp-json\/wp\/v2\/media?parent=712"}],"curies":[{"name":"wp","href":"https:\/\/api.w.org\/{rel}","templated":true}]}}