{"id":716,"date":"2022-02-24T14:11:37","date_gmt":"2022-02-24T14:11:37","guid":{"rendered":"https:\/\/sedihub.eu\/home\/"},"modified":"2023-08-17T12:49:05","modified_gmt":"2023-08-17T12:49:05","slug":"home","status":"publish","type":"page","link":"https:\/\/sedihub.eu\/pt-pt\/","title":{"rendered":"In\u00edcio"},"content":{"rendered":"<h1>Cria\u00e7\u00e3o da plataforma europeia de service design para microempresas e empresas familiares para promover uma economia digital sustent\u00e1vel<\/h1>\n<p><img decoding=\"async\" src=\"\/wp-content\/uploads\/2022\/04\/intro-image-sedihub-07.svg\" alt=\"\"><\/p>\n<p>\n    <a href=\"\/pt-pt\/about\/\">Ler mais<\/a>\n<\/p>\n<div>\n<p>        <img decoding=\"async\" src=\"\/wp-content\/uploads\/2022\/04\/e-learning_gfx.svg\" alt=\"e-learning\"><\/p>\n<h3>eLearning<\/h3>\n<div>\n<p>Os materiais formativos do SeDiHUB ser\u00e3o especialmente concebidos para responder, atrav\u00e9s da sua estrutura e conte\u00fado, \u00e0s necessidades das microempresas e empresas familiares, para desenvolverem neg\u00f3cios sustent\u00e1veis e servi\u00e7os amigos do ambiente, orientados para as suas personas e atividades. <br \/>Todo o material formativo ser\u00e1 baseado nos princ\u00edpios do ensino de e-learning e do service design. Ser\u00e1 estruturado em notas, v\u00eddeos, estudos de caso, simula\u00e7\u00e3o de cen\u00e1rios, boas pr\u00e1ticas e um reposit\u00f3rio de informa\u00e7\u00e3o.<br \/>Os temas abrangidos ser\u00e3o os seguintes: \u00e9tica econ\u00f3mica e empresarial relacionada com as altera\u00e7\u00f5es clim\u00e1ticas, sustentabilidade, modelos empresariais sustent\u00e1veis, teoria e princ\u00edpios do service design e metodologias de service design (personas, mapas da jornada do cliente, blueprint de servi\u00e7os, storyboards, cen\u00e1rios, mapeamento de stakeholders) e transforma\u00e7\u00e3o digital.<\/p>\n<\/div>\n<p><a href=\"https:\/\/elearning.sedihub.eu\/\">Visite a plataforma<\/a><\/p>\n<\/div>\n<h2><span style=\"font-weight: 400;\">Not\u00edcias<\/span><\/h2>\n<div>\n<\/div>\n<p>\n    <a href=\"\/pt-pt\/category\/news-pt\/\">Ver todas as not\u00edcias<\/a>\n<\/p>\n<p><!--more--><br \/>\n<!-- {\"type\":\"layout\",\"children\":[{\"type\":\"section\",\"props\":{\"style\":\"default\",\"width\":\"default\",\"vertical_align\":\"middle\",\"title_position\":\"top-left\",\"title_rotation\":\"left\",\"title_breakpoint\":\"xl\",\"image_position\":\"center-center\"},\"children\":[{\"type\":\"row\",\"children\":[{\"type\":\"column\",\"props\":{\"position_sticky_breakpoint\":\"m\",\"image_position\":\"center-center\",\"media_overlay_gradient\":\"\",\"width_medium\":\"\"},\"children\":[{\"type\":\"headline\",\"props\":{\"title_element\":\"h1\",\"title_color\":\"success\",\"content\":\"Cria\\u00e7\\u00e3o da plataforma europeia de service design para microempresas e empresas familiares para promover uma economia digital sustent\\u00e1vel\",\"title_style\":\"h3\",\"text_align\":\"center\"}},{\"type\":\"image\",\"props\":{\"margin\":\"default\",\"image_svg_color\":\"emphasis\",\"image\":\"wp-content\\\/uploads\\\/2022\\\/04\\\/intro-image-sedihub-07.svg\",\"text_align\":\"center\"}},{\"type\":\"button\",\"props\":{\"grid_column_gap\":\"small\",\"grid_row_gap\":\"small\",\"margin\":\"default\",\"text_align\":\"center\"},\"children\":[{\"type\":\"button_item\",\"props\":{\"button_style\":\"primary\",\"icon_align\":\"left\",\"content\":\"[readmore_text]\",\"link\":\"\\\/pt-pt\\\/about\\\/\"}}]}]}]}]},{\"type\":\"section\",\"props\":{\"style\":\"default\",\"width\":\"default\",\"vertical_align\":\"middle\",\"title_position\":\"top-left\",\"title_rotation\":\"left\",\"title_breakpoint\":\"xl\",\"image_position\":\"center-center\",\"padding\":\"small\"},\"children\":[{\"type\":\"row\",\"children\":[{\"type\":\"column\",\"props\":{\"position_sticky_breakpoint\":\"m\",\"image_position\":\"center-center\",\"media_overlay_gradient\":\"\"},\"children\":[{\"type\":\"panel\",\"props\":{\"link_text\":\"Visite a plataforma\",\"title_hover_style\":\"reset\",\"title_element\":\"h3\",\"title_align\":\"top\",\"title_grid_width\":\"1-2\",\"title_grid_breakpoint\":\"m\",\"meta_style\":\"meta\",\"meta_align\":\"below-title\",\"meta_element\":\"div\",\"content_column_breakpoint\":\"m\",\"icon_width\":80,\"image_align\":\"left\",\"image_grid_width\":\"1-3\",\"image_grid_breakpoint\":\"m\",\"image_svg_color\":\"emphasis\",\"link_style\":\"primary\",\"margin\":\"default\",\"title\":\"eLearning\",\"content\":\"\n\n<p>Os materiais formativos do SeDiHUB ser\\u00e3o especialmente concebidos para responder, atrav\\u00e9s da sua estrutura e conte\\u00fado, \\u00e0s necessidades das microempresas e empresas familiares, para desenvolverem neg\\u00f3cios sustent\\u00e1veis e servi\\u00e7os amigos do ambiente, orientados para as suas personas e atividades. <br \\\/>Todo o material formativo ser\\u00e1 baseado nos princ\\u00edpios do ensino de e-learning e do service design. Ser\\u00e1 estruturado em notas, v\\u00eddeos, estudos de caso, simula\\u00e7\\u00e3o de cen\\u00e1rios, boas pr\\u00e1ticas e um reposit\\u00f3rio de informa\\u00e7\\u00e3o.<br \\\/>Os temas abrangidos ser\\u00e3o os seguintes: \\u00e9tica econ\\u00f3mica e empresarial relacionada com as altera\\u00e7\\u00f5es clim\\u00e1ticas, sustentabilidade, modelos empresariais sustent\\u00e1veis, teoria e princ\\u00edpios do service design e metodologias de service design (personas, mapas da jornada do cliente, blueprint de servi\\u00e7os, storyboards, cen\\u00e1rios, mapeamento de stakeholders) e transforma\\u00e7\\u00e3o digital.<\\\/p>\",\"image\":\"wp-content\\\/uploads\\\/2022\\\/04\\\/e-learning_gfx.svg\",\"title_color\":\"success\",\"link\":\"https:\\\/\\\/elearning.sedihub.eu\\\/\",\"image_alt\":\"e-learning\",\"link_target\":true},\"name\":\"left-image-panel\"}]}]}]},{\"type\":\"section\",\"props\":{\"style\":\"muted\",\"width\":\"default\",\"vertical_align\":\"middle\",\"title_position\":\"top-left\",\"title_rotation\":\"left\",\"title_breakpoint\":\"xl\",\"image_position\":\"center-center\",\"padding\":\"small\"},\"children\":[{\"type\":\"row\",\"children\":[{\"type\":\"column\",\"props\":{\"position_sticky_breakpoint\":\"m\",\"image_position\":\"center-center\",\"media_overlay_gradient\":\"\"},\"children\":[{\"type\":\"headline\",\"props\":{\"title_element\":\"h2\",\"title_style\":\"h2\",\"title_color\":\"success\",\"text_align\":\"center\",\"content\":\"<span style=\\\"font-weight: 400;\\\">Not\\u00edcias<\\\/span>\"}},{\"type\":\"grid\",\"props\":{\"show_title\":true,\"show_meta\":true,\"show_content\":false,\"show_image\":true,\"show_link\":true,\"grid_default\":\"1\",\"grid_medium\":\"3\",\"filter_style\":\"tab\",\"filter_all\":true,\"filter_position\":\"top\",\"filter_align\":\"left\",\"filter_grid_width\":\"auto\",\"filter_grid_breakpoint\":\"m\",\"title_hover_style\":\"reset\",\"title_element\":\"h3\",\"title_align\":\"top\",\"title_grid_width\":\"1-2\",\"title_grid_breakpoint\":\"m\",\"meta_style\":\"meta\",\"meta_align\":\"below-title\",\"meta_element\":\"div\",\"content_column_breakpoint\":\"m\",\"icon_width\":80,\"image_align\":\"top\",\"image_grid_width\":\"1-2\",\"image_grid_breakpoint\":\"m\",\"image_svg_color\":\"emphasis\",\"link_text\":\"\",\"link_style\":\"secondary\",\"margin\":\"default\",\"item_animation\":true,\"panel_style\":\"card-default\",\"class\":\"news-grid\",\"panel_link\":true,\"panel_padding\":\"small\",\"title_color\":\"success\",\"title_style\":\"h4\"},\"children\":[{\"type\":\"grid_item\",\"props\":{\"link_text\":\"\"},\"source\":{\"query\":{\"name\":\"posts.customPosts\",\"arguments\":{\"terms\":[10],\"category_operator\":\"IN\",\"post_tag_operator\":\"IN\",\"users\":[],\"users_operator\":\"IN\",\"offset\":0,\"limit\":10,\"order\":\"date\",\"order_direction\":\"DESC\"}},\"props\":{\"title\":{\"filters\":{\"search\":\"\"},\"name\":\"title\"},\"content\":{\"filters\":{\"search\":\"\"},\"name\":\"excerpt\"},\"image\":{\"filters\":{\"search\":\"\"},\"name\":\"featuredImage.url\"},\"link\":{\"filters\":{\"search\":\"\"},\"name\":\"link\"}}}}]},{\"type\":\"button\",\"props\":{\"grid_column_gap\":\"small\",\"grid_row_gap\":\"small\",\"margin\":\"default\",\"text_align\":\"center\"},\"children\":[{\"type\":\"button_item\",\"props\":{\"button_style\":\"primary\",\"icon_align\":\"left\",\"content\":\"Ver todas as not\\u00edcias\",\"link\":\"\\\/pt-pt\\\/category\\\/news-pt\\\/\"}}]}]}]}]}],\"version\":\"2.7.22\"} --><\/p>\n","protected":false},"excerpt":{"rendered":"<p>Cria\u00e7\u00e3o da plataforma europeia de service design para microempresas e empresas familiares para promover uma economia digital sustent\u00e1vel eLearning Os materiais formativos do SeDiHUB ser\u00e3o..<\/p>\n","protected":false},"author":1,"featured_media":0,"parent":0,"menu_order":0,"comment_status":"closed","ping_status":"closed","template":"","meta":{"inline_featured_image":false,"footnotes":""},"class_list":["post-716","page","type-page","status-publish","hentry"],"_links":{"self":[{"href":"https:\/\/sedihub.eu\/pt-pt\/wp-json\/wp\/v2\/pages\/716","targetHints":{"allow":["GET"]}}],"collection":[{"href":"https:\/\/sedihub.eu\/pt-pt\/wp-json\/wp\/v2\/pages"}],"about":[{"href":"https:\/\/sedihub.eu\/pt-pt\/wp-json\/wp\/v2\/types\/page"}],"author":[{"embeddable":true,"href":"https:\/\/sedihub.eu\/pt-pt\/wp-json\/wp\/v2\/users\/1"}],"replies":[{"embeddable":true,"href":"https:\/\/sedihub.eu\/pt-pt\/wp-json\/wp\/v2\/comments?post=716"}],"version-history":[{"count":9,"href":"https:\/\/sedihub.eu\/pt-pt\/wp-json\/wp\/v2\/pages\/716\/revisions"}],"predecessor-version":[{"id":879,"href":"https:\/\/sedihub.eu\/pt-pt\/wp-json\/wp\/v2\/pages\/716\/revisions\/879"}],"wp:attachment":[{"href":"https:\/\/sedihub.eu\/pt-pt\/wp-json\/wp\/v2\/media?parent=716"}],"curies":[{"name":"wp","href":"https:\/\/api.w.org\/{rel}","templated":true}]}}