{"id":721,"date":"2022-02-24T14:11:38","date_gmt":"2022-02-24T14:11:38","guid":{"rendered":"https:\/\/sedihub.eu\/resources\/"},"modified":"2023-08-17T12:44:12","modified_gmt":"2023-08-17T12:44:12","slug":"resources","status":"publish","type":"page","link":"https:\/\/sedihub.eu\/pt-pt\/resources\/","title":{"rendered":"Resultados"},"content":{"rendered":"<div>\n<p>        <img decoding=\"async\" src=\"\/wp-content\/uploads\/2022\/04\/About-sedihub-07.svg\" alt=\"Aims &#038; Objectives\"><\/p>\n<h3>Resultados<\/h3>\n<div>\n<ol>\n<li>Abordagem de forma\u00e7\u00e3o multidisciplinar e curr\u00edculo modular, incluindo metodologia de forma\u00e7\u00e3o e avalia\u00e7\u00e3o para a atualiza\u00e7\u00e3o de compet\u00eancias das microempresas e empresas familiares no desenvolvimento de neg\u00f3cios sustent\u00e1veis e servi\u00e7os ambientais atrav\u00e9s do SD na economia digitalizada.\n<\/li>\n<li>Recursos de forma\u00e7\u00e3o especialmente concebidos para responder \u00e0s necessidades e tipologias de microempresas e empresas familiares, para desenvolverem neg\u00f3cios sustent\u00e1veis e servi\u00e7os amigos do ambiente, atrav\u00e9s do SD na economia digitalizada Ex: notas, v\u00eddeos, estudos de caso, cen\u00e1rios de simula\u00e7\u00e3o, boas pr\u00e1ticas\n<\/li>\n<li>Plataforma de aprendizagem online especificamente concebida para microempres\u00e1rios e empres\u00e1rios familiares, que fornece uma excelente vis\u00e3o geral do processo e das ferramentas de SD, enriquecida com uma caixa de ferramentas de SD de recursos gamificados.\n<\/li>\n<li>Guia para a utiliza\u00e7\u00e3o das ferramentas SeDiHUB, incluindo um guia para a cria\u00e7\u00e3o de um hub de microempresas e empresas familiares e para posterior utiliza\u00e7\u00e3o por prestadores de forma\u00e7\u00e3o e consultoria e por outras organiza\u00e7\u00f5es de apoio empresarial.<\/li>\n<\/ol>\n<\/div>\n<\/div>\n<h3>Downloads<\/h3>\n<div>\n<h3>SeDiHUB Compiled Report (R1)<\/h3>\n<div>\n<p>Resultado 1 Abordagem e curr\u00edculo da forma\u00e7\u00e3o SeDiHUB &#8211; Cria\u00e7\u00e3o da plataforma europeia de service design para microempresas e empresas familiares para promover uma economia digital sustent\u00e1vel.<\/p>\n<\/div>\n<p><a href=\"\/wp-content\/uploads\/2022\/11\/SeDiHUB_R1_Compiled-Report.pdf\">Ler mais<\/a><\/p>\n<\/div>\n<p><!--more--><br \/>\n<!-- {\"type\":\"layout\",\"children\":[{\"type\":\"section\",\"props\":{\"style\":\"default\",\"width\":\"default\",\"vertical_align\":\"middle\",\"title_position\":\"top-left\",\"title_rotation\":\"left\",\"title_breakpoint\":\"xl\",\"image_position\":\"center-center\"},\"children\":[{\"type\":\"row\",\"children\":[{\"type\":\"column\",\"props\":{\"position_sticky_breakpoint\":\"m\",\"image_position\":\"center-center\",\"media_overlay_gradient\":\"\"},\"children\":[{\"type\":\"panel\",\"props\":{\"link_text\":\"Read more\",\"title_hover_style\":\"reset\",\"title_element\":\"h3\",\"title_align\":\"top\",\"title_grid_width\":\"1-2\",\"title_grid_breakpoint\":\"m\",\"meta_style\":\"meta\",\"meta_align\":\"below-title\",\"meta_element\":\"div\",\"content_column_breakpoint\":\"m\",\"icon_width\":80,\"image_align\":\"right\",\"image_grid_width\":\"1-3\",\"image_grid_breakpoint\":\"m\",\"image_svg_color\":\"emphasis\",\"link_style\":\"primary\",\"margin\":\"default\",\"title\":\"Resultados\",\"content\":\"\n\n<ol>\\n\n\n<li>Abordagem de forma\\u00e7\\u00e3o multidisciplinar e curr\\u00edculo modular, incluindo metodologia de forma\\u00e7\\u00e3o e avalia\\u00e7\\u00e3o para a atualiza\\u00e7\\u00e3o de compet\\u00eancias das microempresas e empresas familiares no desenvolvimento de neg\\u00f3cios sustent\\u00e1veis e servi\\u00e7os ambientais atrav\\u00e9s do SD na economia digitalizada.<br \\\/><br \\\/><\\\/li>\\n\n\n<li>Recursos de forma\\u00e7\\u00e3o especialmente concebidos para responder \\u00e0s necessidades e tipologias de microempresas e empresas familiares, para desenvolverem neg\\u00f3cios sustent\\u00e1veis e servi\\u00e7os amigos do ambiente, atrav\\u00e9s do SD na economia digitalizada Ex: notas, v\\u00eddeos, estudos de caso, cen\\u00e1rios de simula\\u00e7\\u00e3o, boas pr\\u00e1ticas<br \\\/><br \\\/><\\\/li>\\n\n\n<li>Plataforma de aprendizagem online especificamente concebida para microempres\\u00e1rios e empres\\u00e1rios familiares, que fornece uma excelente vis\\u00e3o geral do processo e das ferramentas de SD, enriquecida com uma caixa de ferramentas de SD de recursos gamificados.<br \\\/><br \\\/><\\\/li>\\n\n\n<li>Guia para a utiliza\\u00e7\\u00e3o das ferramentas SeDiHUB, incluindo um guia para a cria\\u00e7\\u00e3o de um hub de microempresas e empresas familiares e para posterior utiliza\\u00e7\\u00e3o por prestadores de forma\\u00e7\\u00e3o e consultoria e por outras organiza\\u00e7\\u00f5es de apoio empresarial.<\\\/li>\\n<\\\/ol>\",\"image\":\"wp-content\\\/uploads\\\/2022\\\/04\\\/About-sedihub-07.svg\",\"title_color\":\"warning\",\"link\":\"\",\"image_alt\":\"Aims & Objectives\"},\"name\":\"left-image-panel\"}]}]},{\"type\":\"row\",\"children\":[{\"type\":\"column\",\"props\":{\"position_sticky_breakpoint\":\"m\",\"image_position\":\"center-center\",\"media_overlay_gradient\":\"\"},\"children\":[{\"type\":\"headline\",\"props\":{\"title_element\":\"h3\",\"content\":\"Downloads\",\"title_color\":\"warning\"}},{\"type\":\"panel\",\"props\":{\"link_text\":\"Ler mais\",\"title_hover_style\":\"reset\",\"title_element\":\"h3\",\"title_align\":\"top\",\"title_grid_width\":\"1-2\",\"title_grid_breakpoint\":\"m\",\"meta_style\":\"meta\",\"meta_align\":\"below-title\",\"meta_element\":\"div\",\"content_column_breakpoint\":\"m\",\"icon_width\":\"30\",\"image_align\":\"left\",\"image_grid_width\":\"auto\",\"image_grid_breakpoint\":\"m\",\"image_svg_color\":\"emphasis\",\"link_style\":\"primary\",\"margin\":\"default\",\"panel_style\":\"tile-muted\",\"panel_padding\":\"small\",\"title\":\"SeDiHUB Compiled Report (R1)\",\"content\":\"\n\n<p>Resultado 1 Abordagem e curr\\u00edculo da forma\\u00e7\\u00e3o SeDiHUB - Cria\\u00e7\\u00e3o da plataforma europeia de service design para microempresas e empresas familiares para promover uma economia digital sustent\\u00e1vel.<\\\/p>\",\"icon\":\"download\",\"link\":\"\\\/wp-content\\\/uploads\\\/2022\\\/11\\\/SeDiHUB_R1_Compiled-Report.pdf\",\"link_target\":true,\"icon_color\":\"primary\"}}]}]}],\"name\":\"Aims & Objectives\"},{\"type\":\"section\",\"props\":{\"style\":\"default\",\"width\":\"default\",\"vertical_align\":\"middle\",\"title_position\":\"top-left\",\"title_rotation\":\"left\",\"title_breakpoint\":\"xl\",\"image_position\":\"center-center\"},\"children\":[{\"type\":\"row\",\"children\":[{\"type\":\"column\",\"props\":{\"position_sticky_breakpoint\":\"m\",\"image_position\":\"center-center\",\"media_overlay_gradient\":\"\"},\"children\":[]}]}]}],\"version\":\"2.7.22\"} --><\/p>\n","protected":false},"excerpt":{"rendered":"<p>Resultados Abordagem de forma\u00e7\u00e3o multidisciplinar e curr\u00edculo modular, incluindo metodologia de forma\u00e7\u00e3o e avalia\u00e7\u00e3o para a atualiza\u00e7\u00e3o de compet\u00eancias das microempresas e empresas familiares no..<\/p>\n","protected":false},"author":1,"featured_media":0,"parent":0,"menu_order":0,"comment_status":"closed","ping_status":"closed","template":"","meta":{"inline_featured_image":false,"footnotes":""},"class_list":["post-721","page","type-page","status-publish","hentry"],"_links":{"self":[{"href":"https:\/\/sedihub.eu\/pt-pt\/wp-json\/wp\/v2\/pages\/721","targetHints":{"allow":["GET"]}}],"collection":[{"href":"https:\/\/sedihub.eu\/pt-pt\/wp-json\/wp\/v2\/pages"}],"about":[{"href":"https:\/\/sedihub.eu\/pt-pt\/wp-json\/wp\/v2\/types\/page"}],"author":[{"embeddable":true,"href":"https:\/\/sedihub.eu\/pt-pt\/wp-json\/wp\/v2\/users\/1"}],"replies":[{"embeddable":true,"href":"https:\/\/sedihub.eu\/pt-pt\/wp-json\/wp\/v2\/comments?post=721"}],"version-history":[{"count":2,"href":"https:\/\/sedihub.eu\/pt-pt\/wp-json\/wp\/v2\/pages\/721\/revisions"}],"predecessor-version":[{"id":877,"href":"https:\/\/sedihub.eu\/pt-pt\/wp-json\/wp\/v2\/pages\/721\/revisions\/877"}],"wp:attachment":[{"href":"https:\/\/sedihub.eu\/pt-pt\/wp-json\/wp\/v2\/media?parent=721"}],"curies":[{"name":"wp","href":"https:\/\/api.w.org\/{rel}","templated":true}]}}