{"id":909,"date":"2024-07-01T07:41:48","date_gmt":"2024-07-01T07:41:48","guid":{"rendered":"https:\/\/sedihub.eu\/toolbox\/"},"modified":"2024-07-01T08:03:51","modified_gmt":"2024-07-01T08:03:51","slug":"toolbox","status":"publish","type":"page","link":"https:\/\/sedihub.eu\/pt-pt\/toolbox\/","title":{"rendered":"Caixa de Ferramentas"},"content":{"rendered":"<p><img decoding=\"async\" src=\"\/wp-content\/uploads\/2022\/04\/About-sedihub-07.svg\" alt=\"Aims &#038; Objectives\"><\/p>\n<div>\n<p dir=\"ltr\">Aqui pode encontrar um conjunto de ferramentas reunidas pelo projeto SeDiHUB para apoiar a conce\u00e7\u00e3o de servi\u00e7os. As ferramentas s\u00e3o organizadas de modo a que possa desenvolver um novo produto\/servi\u00e7o, ou melhorar um j\u00e1 existente,num modelo passo a passo. A caixa de ferramentas est\u00e1 localizada na plataforma Mural.<\/p>\n<p dir=\"ltr\">O Mural pode ser encontrado na <a href=\"https:\/\/app.mural.co\/template\/80ce1ab4-7d69-428f-a02f-cdcd4213a3f5\/943e7523-ee3c-433c-ba18-2b1e0e1c9af4\" target=\"_blank\" rel=\"noopener\"><strong>caixa de ferramentas portuguesa<\/strong>.<\/a><\/p>\n<p dir=\"ltr\">Por favor, leia os guias:<\/p>\n<\/div>\n<ul>\n<li>\n        <a href=\"https:\/\/sedihub.eu\/toolbox-guide\/pt\/SeDiHub_Business%20pt.pdf\">Neg\u00f3cios<\/a>\n    <\/li>\n<li>\n        <a href=\"https:\/\/sedihub.eu\/toolbox-guide\/pt\/SeDiHub_Consultants_pt.pdf\">VET<\/a>\n    <\/li>\n<li>\n        <a href=\"https:\/\/sedihub.eu\/toolbox-guide\/pt\/SeDiHub_VET%20pt.pdf\">Consultores<\/a>\n    <\/li>\n<\/ul>\n<p><!--more--><br \/>\n<!-- {\"type\":\"layout\",\"children\":[{\"type\":\"section\",\"props\":{\"style\":\"default\",\"width\":\"default\",\"vertical_align\":\"\",\"title_position\":\"top-left\",\"title_rotation\":\"left\",\"title_breakpoint\":\"xl\",\"image_position\":\"center-center\",\"padding_remove_top\":true,\"height\":\"section\"},\"children\":[{\"type\":\"row\",\"children\":[{\"type\":\"column\",\"props\":{\"position_sticky_breakpoint\":\"m\",\"image_position\":\"center-center\",\"media_overlay_gradient\":\"\"},\"children\":[{\"type\":\"headline\",\"props\":{\"title_element\":\"h1\"},\"source\":{\"query\":{\"name\":\"pages.singlePage\"},\"props\":{\"content\":{\"filters\":{\"search\":\"\"},\"name\":\"title\"}}}}]}]},{\"type\":\"row\",\"children\":[{\"type\":\"column\",\"props\":{\"position_sticky_breakpoint\":\"m\",\"image_position\":\"center-center\",\"media_overlay_gradient\":\"\",\"width_medium\":\"1-3\"},\"children\":[{\"type\":\"image\",\"props\":{\"margin\":\"default\",\"image_svg_color\":\"emphasis\",\"visibility\":\"l\",\"image\":\"wp-content\\\/uploads\\\/2022\\\/04\\\/About-sedihub-07.svg\",\"image_alt\":\"Aims & Objectives\"}}]},{\"type\":\"column\",\"props\":{\"position_sticky_breakpoint\":\"m\",\"image_position\":\"center-center\",\"media_overlay_gradient\":\"\",\"width_medium\":\"2-3\"},\"children\":[{\"type\":\"text\",\"props\":{\"margin\":\"default\",\"column_breakpoint\":\"m\",\"content\":\"\n\n<p dir=\\\"ltr\\\">Aqui pode encontrar um conjunto de ferramentas reunidas pelo projeto SeDiHUB para apoiar a conce\\u00e7\\u00e3o de servi\\u00e7os. As ferramentas s\\u00e3o organizadas de modo a que possa desenvolver um novo produto\\\/servi\\u00e7o, ou melhorar um j\\u00e1 existente,num modelo passo a passo. A caixa de ferramentas est\\u00e1 localizada na plataforma Mural.<\\\/p>\\n\n\n<p dir=\\\"ltr\\\">O Mural pode ser encontrado na <a href=\\\"https:\\\/\\\/app.mural.co\\\/template\\\/80ce1ab4-7d69-428f-a02f-cdcd4213a3f5\\\/943e7523-ee3c-433c-ba18-2b1e0e1c9af4\\\" target=\\\"_blank\\\" rel=\\\"noopener\\\"><strong>caixa de ferramentas portuguesa<\\\/strong>.<\\\/a><\\\/p>\\n\n\n<p dir=\\\"ltr\\\">Por favor, leia os guias:<\\\/p>\"}},{\"type\":\"button\",\"props\":{\"grid_column_gap\":\"small\",\"grid_row_gap\":\"small\",\"margin\":\"default\",\"css\":\".el-content {\\n\\tmin-width: 130px;\\n}\"},\"children\":[{\"type\":\"button_item\",\"props\":{\"button_style\":\"primary\",\"icon_align\":\"left\",\"link_target\":\"blank\",\"content\":\"Neg\\u00f3cios\",\"link\":\"https:\\\/\\\/sedihub.eu\\\/toolbox-guide\\\/pt\\\/SeDiHub_Business%20pt.pdf\"}},{\"type\":\"button_item\",\"props\":{\"button_style\":\"primary\",\"icon_align\":\"left\",\"link_target\":\"blank\",\"content\":\"VET\",\"link\":\"https:\\\/\\\/sedihub.eu\\\/toolbox-guide\\\/pt\\\/SeDiHub_Consultants_pt.pdf\"}},{\"type\":\"button_item\",\"props\":{\"button_style\":\"primary\",\"icon_align\":\"left\",\"link_target\":\"blank\",\"content\":\"Consultores\",\"link\":\"https:\\\/\\\/sedihub.eu\\\/toolbox-guide\\\/pt\\\/SeDiHub_VET%20pt.pdf\"}}]}]}],\"props\":{\"layout\":\"1-3,2-3\"}}],\"name\":\"Aims & Objectives\"}],\"version\":\"2.7.22\"} --><\/p>\n","protected":false},"excerpt":{"rendered":"<p>Aqui pode encontrar um conjunto de ferramentas reunidas pelo projeto SeDiHUB para apoiar a conce\u00e7\u00e3o de servi\u00e7os. As ferramentas s\u00e3o organizadas de modo a que..<\/p>\n","protected":false},"author":1,"featured_media":0,"parent":0,"menu_order":0,"comment_status":"closed","ping_status":"closed","template":"","meta":{"inline_featured_image":false,"footnotes":""},"class_list":["post-909","page","type-page","status-publish","hentry"],"_links":{"self":[{"href":"https:\/\/sedihub.eu\/pt-pt\/wp-json\/wp\/v2\/pages\/909","targetHints":{"allow":["GET"]}}],"collection":[{"href":"https:\/\/sedihub.eu\/pt-pt\/wp-json\/wp\/v2\/pages"}],"about":[{"href":"https:\/\/sedihub.eu\/pt-pt\/wp-json\/wp\/v2\/types\/page"}],"author":[{"embeddable":true,"href":"https:\/\/sedihub.eu\/pt-pt\/wp-json\/wp\/v2\/users\/1"}],"replies":[{"embeddable":true,"href":"https:\/\/sedihub.eu\/pt-pt\/wp-json\/wp\/v2\/comments?post=909"}],"version-history":[{"count":2,"href":"https:\/\/sedihub.eu\/pt-pt\/wp-json\/wp\/v2\/pages\/909\/revisions"}],"predecessor-version":[{"id":927,"href":"https:\/\/sedihub.eu\/pt-pt\/wp-json\/wp\/v2\/pages\/909\/revisions\/927"}],"wp:attachment":[{"href":"https:\/\/sedihub.eu\/pt-pt\/wp-json\/wp\/v2\/media?parent=909"}],"curies":[{"name":"wp","href":"https:\/\/api.w.org\/{rel}","templated":true}]}}